{"id":3360,"date":"2018-08-13T10:41:32","date_gmt":"2018-08-13T10:41:32","guid":{"rendered":"http:\/\/durmitor.info\/?page_id=3360"},"modified":"2018-09-20T12:38:08","modified_gmt":"2018-09-20T12:38:08","slug":"auto-camp-javorje","status":"publish","type":"page","link":"https:\/\/durmitor.info\/sr\/auto-camp-javorje\/","title":{"rendered":"Auto Camp Javorje"},"content":{"rendered":"<section class=\"wpb-content-wrapper\"><p>[vc_row][vc_column width=&#8221;1\/2&#8243;][vc_single_image image=&#8221;3363&#8243; img_size=&#8221;full&#8221;][\/vc_column][vc_column width=&#8221;1\/2&#8243; css=&#8221;.vc_custom_1500461060218{padding-top: 15px !important;}&#8221;][vc_column_text]\n<h4>Auto Camp Javorje<\/h4>\n<p>CAMP-AUTO JAVOR, nalazi se u selu Javorje 5 km od grada \u017dabljaka, camp je okru\u017een Javororvima ima kapacitet oko 30 \u0161atora i 6 kamp prikolica, kamp je opremljen opremom za sme\u0161tavanje campera, tako\u0111e imaju na raspolaganju i Caffe bar Bistro koji je na raspolaganju i samoposlu\u017eivanje.[\/vc_column_text][\/vc_column][\/vc_row][vc_row][vc_column][\/vc_column][\/vc_row][vc_row][vc_column width=&#8221;1\/2&#8243;][vc_column_text]<\/p>\n<h4>U Camperi mogu da koriste<\/h4>\n\n<ul class=\"the-icons clearfix\">\n<li><i class=\"icon-ok\"><\/i>ro\u0161tilj<\/li>\n<li><i class=\"icon-ok\"><\/i>sportske rekvizite za djecu<\/li>\n<li><i class=\"icon-ok\"><\/i>ve\u0161 ma\u0161ina<\/li>\n<li><i class=\"icon-ok\"><\/i>internet<\/li>\n<li><i class=\"icon-ok\"><\/i>upotreba kotlica itd<\/li>\n<\/ul>\n[\/vc_column_text][\/vc_column][vc_column width=&#8221;1\/2&#8243;][vc_single_image image=&#8221;3361&#8243; img_size=&#8221;full&#8221;][\/vc_column][\/vc_row][vc_row][vc_column][vc_column_text]<div class=\"divider type_3\"><\/div>\n<h4 style=\"text-align: center;\">Cjenovnik<\/h4>\n<div class=\"wpsm-comptable-wrap\">\n\t\t\t\t<table id=\"wpsm-table-1\" class=\"wpsm-comptable center-table-align\">\n\t\t\t\t\t\t\t\t\t<thead class=\"wpsm-thead wpsm-thead-default\">\n\t\t\t\t\t\t<tr>\t\t\t\t\t\t\t\n\t\t\t\t\t\t\t\t\t\t\t\t\t\t\t\t\t\t\t\t\t\t\t\t<th class=\"placeholder wpsm-placeholder\"><\/th>\n\t\t\t\t\t\t\t\t\t\n\t\t\t\t\t\t\t\t\n\t\t\t\t\t\t\t\t\t\t\t\t\t\t\t\t\t\t\t\t\t\t\t\t<th><\/th>\n\t\t\t\t\t\t\t\t\t\n\t\t\t\t\t\t\t\t\n\t\t\t\t\t\t\t\t\t\t\t\t\t<\/tr>\n\t\t\t\t\t<\/thead>\n\t\t\t\t\t<tbody class=\"wpsm-tbody\">\n\t\t\t\t\t\t\t\t\t\t\t\t\t\t\t\t<tr>\t\t\t\t\t\t\t\t\t\t\t\t\t\t\t<td>\t\t\t\t\t\t\t\t\t\t\t\t\t\t\t\t\t\t\t\t\t\t\t\t\t\t<img src =\"http:\/\/durmitor.info\/wp-content\/uploads\/2018\/08\/female-and-male-silhouettes-with-a-vertical-line-in-the-middle.png\" alt=\"\" \/>\t\t\t\t\t\t\t\t\t\t\t\t\t\t\t\t<\/td>\n\t\t\t\t\t\t\t\t\t\t\t\t\t\t\t\t\t\t\t\t\t\t\t<td>\t\t\t\t\t\t\t\t\t\t\t\t\t\t\t\t\t\t\t\t\t\t\t\t\t\t<h5>3.00\u20ac po osobi<\/h5>\t\t\t\t\t\t\t\t\t\t\t\t\t\t\t\t<\/td>\n\t\t\t\t\t\t\t\t\t\t\t\t\t\t\t\t\t\t\t\t\t<\/tr>\n\t\t\t\t\t\t\t\t\t\t\t\t\t\t\t\t<tr>\t\t\t\t\t\t\t\t\t\t\t\t\t\t\t<td>\t\t\t\t\t\t\t\t\t\t\t\t\t\t\t\t\t\t\t\t\t\t\t\t\t\t<img src =\"http:\/\/durmitor.info\/wp-content\/uploads\/2018\/08\/camping-tent.png\" alt=\"\" \/>\t\t\t\t\t\t\t\t\t\t\t\t\t\t\t\t<\/td>\n\t\t\t\t\t\t\t\t\t\t\t\t\t\t\t\t\t\t\t\t\t\t\t<td>\t\t\t\t\t\t\t\t\t\t\t\t\t\t\t\t\t\t\t\t\t\t\t\t\t\t<h5>Mali \u0161ator 3.00\u20ac<\/h5>\t\t\t\t\t\t\t\t\t\t\t\t\t\t\t\t<\/td>\n\t\t\t\t\t\t\t\t\t\t\t\t\t\t\t\t\t\t\t\t\t<\/tr>\n\t\t\t\t\t\t\t\t\t\t\t\t\t\t\t\t<tr>\t\t\t\t\t\t\t\t\t\t\t\t\t\t\t<td>\t\t\t\t\t\t\t\t\t\t\t\t\t\t\t\t\t\t\t\t\t\t\t\t\t\t<img src =\"http:\/\/durmitor.info\/wp-content\/uploads\/2018\/08\/tent.png\" alt=\"\" \/>\t\t\t\t\t\t\t\t\t\t\t\t\t\t\t\t<\/td>\n\t\t\t\t\t\t\t\t\t\t\t\t\t\t\t\t\t\t\t\t\t\t\t<td>\t\t\t\t\t\t\t\t\t\t\t\t\t\t\t\t\t\t\t\t\t\t\t\t\t\t<h5>Veliki \u0161ator 5.00\u20ac<\/h5>\t\t\t\t\t\t\t\t\t\t\t\t\t\t\t\t<\/td>\n\t\t\t\t\t\t\t\t\t\t\t\t\t\t\t\t\t\t\t\t\t<\/tr>\n\t\t\t\t\t\t\t\t\t\t\t\t\t\t\t\t<tr>\t\t\t\t\t\t\t\t\t\t\t\t\t\t\t<td>\t\t\t\t\t\t\t\t\t\t\t\t\t\t\t\t\t\t\t\t\t\t\t\t\t\t<img src =\"http:\/\/durmitor.info\/wp-content\/uploads\/2018\/08\/car-of-hatchback-model.png\" alt=\"\" \/>\t\t\t\t\t\t\t\t\t\t\t\t\t\t\t\t<\/td>\n\t\t\t\t\t\t\t\t\t\t\t\t\t\t\t\t\t\t\t\t\t\t\t<td>\t\t\t\t\t\t\t\t\t\t\t\t\t\t\t\t\t\t\t\t\t\t\t\t\t\t<h5>Automobil 2.00\u20ac<\/h5>\t\t\t\t\t\t\t\t\t\t\t\t\t\t\t\t<\/td>\n\t\t\t\t\t\t\t\t\t\t\t\t\t\t\t\t\t\t\t\t\t<\/tr>\n\t\t\t\t\t\t\t\t\t\t\t\t\t\t\t\t<tr>\t\t\t\t\t\t\t\t\t\t\t\t\t\t\t<td>\t\t\t\t\t\t\t\t\t\t\t\t\t\t\t\t\t\t\t\t\t\t\t\t\t\t<img src =\"http:\/\/durmitor.info\/wp-content\/uploads\/2018\/08\/van.png\" alt=\"\" \/>\t\t\t\t\t\t\t\t\t\t\t\t\t\t\t\t<\/td>\n\t\t\t\t\t\t\t\t\t\t\t\t\t\t\t\t\t\t\t\t\t\t\t<td>\t\t\t\t\t\t\t\t\t\t\t\t\t\t\t\t\t\t\t\t\t\t\t\t\t\t<h5>Kamp ku\u0107ica 4.00\u20ac<\/h5>\t\t\t\t\t\t\t\t\t\t\t\t\t\t\t\t<\/td>\n\t\t\t\t\t\t\t\t\t\t\t\t\t\t\t\t\t\t\t\t\t<\/tr>\n\t\t\t\t\t\t\t\t\t\t\t\t\t\t\t\t<tr>\t\t\t\t\t\t\t\t\t\t\t\t\t\t\t<td>\t\t\t\t\t\t\t\t\t\t\t\t\t\t\t\t\t\t\t\t\t\t\t\t\t\t<img src =\"http:\/\/durmitor.info\/wp-content\/uploads\/2018\/08\/trailer.png\" alt=\"\" \/>\t\t\t\t\t\t\t\t\t\t\t\t\t\t\t\t<\/td>\n\t\t\t\t\t\t\t\t\t\t\t\t\t\t\t\t\t\t\t\t\t\t\t<td>\t\t\t\t\t\t\t\t\t\t\t\t\t\t\t\t\t\t\t\t\t\t\t\t\t\t<h5>Kamp prikolica 4.00\u20ac<\/h5>\t\t\t\t\t\t\t\t\t\t\t\t\t\t\t\t<\/td>\n\t\t\t\t\t\t\t\t\t\t\t\t\t\t\t\t\t\t\t\t\t<\/tr>\n\t\t\t\t\t\t\t\t\t\t\t\t\t\t\t\t<tr>\t\t\t\t\t\t\t\t\t\t\t\t\t\t\t<td>\t\t\t\t\t\t\t\t\t\t\t\t\t\t\t\t\t\t\t\t\t\t\t\t\t\t<img src =\"http:\/\/durmitor.info\/wp-content\/uploads\/2018\/08\/jeep.png\" alt=\"\" \/>\t\t\t\t\t\t\t\t\t\t\t\t\t\t\t\t<\/td>\n\t\t\t\t\t\t\t\t\t\t\t\t\t\t\t\t\t\t\t\t\t\t\t<td>\t\t\t\t\t\t\t\t\t\t\t\t\t\t\t\t\t\t\t\t\t\t\t\t\t\t<h5>Dzip sa \u0161atorom na krovu 4.00\u20ac<\/h5>\t\t\t\t\t\t\t\t\t\t\t\t\t\t\t\t<\/td>\n\t\t\t\t\t\t\t\t\t\t\t\t\t\t\t\t\t\t\t\t\t<\/tr>\n\t\t\t\t\t\t\t\t\t\t\t\t\t\t\t\t<tr>\t\t\t\t\t\t\t\t\t\t\t\t\t\t\t<td>\t\t\t\t\t\t\t\t\t\t\t\t\t\t\t\t\t\t\t\t\t\t\t\t\t\t<img src =\"http:\/\/durmitor.info\/wp-content\/uploads\/2018\/08\/cottage.png\" alt=\"\" \/>\t\t\t\t\t\t\t\t\t\t\t\t\t\t\t\t<\/td>\n\t\t\t\t\t\t\t\t\t\t\t\t\t\t\t\t\t\t\t\t\t\t\t<td>\t\t\t\t\t\t\t\t\t\t\t\t\t\t\t\t\t\t\t\t\t\t\t\t\t\t<h5>Ku\u0107ica 9.00\u20ac po osobi<\/h5>\t\t\t\t\t\t\t\t\t\t\t\t\t\t\t\t<\/td>\n\t\t\t\t\t\t\t\t\t\t\t\t\t\t\t\t\t\t\t\t\t<\/tr>\n\t\t\t\t\t\t\t\t\t\t<\/tbody>\n\t\t\t\t<\/table>\n\t\t\t<\/div>\n\t\t<br \/>\n<strong>BORAVI\u0160NA TAKSA &#8211; 0.60\u20ac<\/strong><br \/>\n<strong>BORAVI\u0160NA TAKSA \/ DJECA DO 12 GODINA &#8211; besplatno<\/strong><br \/>\n<strong>BORAVI\u0160NA TAKSA \/ DJECA DO 12 GODINA DO 18 GODINA &#8211; 0.30\u20ac<\/strong><br \/>\n<strong>STRUJA &#8211; 2.00\u20ac<\/strong><br \/>\n<strong>OSIGURANJE GOSTA &#8211; 0.40\u20ac<\/strong><br \/>\n<strong>VODA &#8211; 2.00\u20ac<\/strong><\/p>\n<p>[\/vc_column_text][\/vc_column][\/vc_row][vc_row][vc_column][vc_column_text]<div class=\"divider type_3\"><\/div>\n<h4 style=\"text-align: center;\">Camp je namenjen ljubiteljima prirode i osobama koje \u017eele da no\u0107e u predivnom ambijentu Durmitora u okru\u017eenju Nacionalnog Parka Durmitor.<\/h4>\n<p>[\/vc_column_text][\/vc_column][\/vc_row][vc_row][vc_column][vc_media_grid gap=&#8221;2&#8243; grid_id=&#8221;vc_gid:1537447025738-63528ddb-dfe4-0&#8243; include=&#8221;3364,3365,3362&#8243;][\/vc_column][\/vc_row][vc_row][vc_column][vc_column_text]<\/p>\n<h3 style=\"text-align: center;\">Lokacija<\/h3>\n<p>[\/vc_column_text][vc_column_text]<iframe loading=\"lazy\" style=\"border: 0;\" src=\"https:\/\/www.google.com\/maps\/embed?pb=!1m18!1m12!1m3!1d8238.755318715483!2d19.114115395211066!3d43.107879836977034!2m3!1f0!2f0!3f0!3m2!1i1024!2i768!4f13.1!3m3!1m2!1s0x0%3A0x0!2zNDPCsDA2JzI3LjgiTiAxOcKwMDcnMjYuOCJF!5e0!3m2!1sen!2s!4v1537446725094\" width=\"100%\" height=\"400\" frameborder=\"0\" allowfullscreen=\"allowfullscreen\"><\/iframe>[\/vc_column_text][\/vc_column][\/vc_row]<\/p>\n<\/section>","protected":false},"excerpt":{"rendered":"<p>[vc_row][vc_column width=&#8221;1\/2&#8243;][vc_single_image image=&#8221;3363&#8243; img_size=&#8221;full&#8221;][\/vc_column][vc_column width=&#8221;1\/2&#8243; css=&#8221;.vc_custom_1500461060218{padding-top: 15px !important;}&#8221;][vc_column_text][\/vc_column_text][\/vc_column][vc_column width=&#8221;1\/2&#8243;][vc_single_image image=&#8221;3361&#8243; img_size=&#8221;full&#8221;][\/vc_column][\/vc_row][vc_row][vc_column][vc_column_text] Cjenovnik BORAVI\u0160NA TAKSA &#8211; 0.60\u20ac BORAVI\u0160NA TAKSA \/ DJECA DO 12 GODINA &#8211; besplatno BORAVI\u0160NA TAKSA \/ DJECA DO 12 GODINA DO 18 GODINA &#8211; 0.30\u20ac STRUJA &#8211; &hellip; <\/p>\n<p><a href=\"https:\/\/durmitor.info\/sr\/auto-camp-javorje\/\" class=\"read_more_link\">Read more<\/a><\/p>\n","protected":false},"author":1,"featured_media":0,"parent":0,"menu_order":0,"comment_status":"open","ping_status":"open","template":"","meta":[],"aioseo_notices":[],"_links":{"self":[{"href":"https:\/\/durmitor.info\/sr\/wp-json\/wp\/v2\/pages\/3360"}],"collection":[{"href":"https:\/\/durmitor.info\/sr\/wp-json\/wp\/v2\/pages"}],"about":[{"href":"https:\/\/durmitor.info\/sr\/wp-json\/wp\/v2\/types\/page"}],"author":[{"embeddable":true,"href":"https:\/\/durmitor.info\/sr\/wp-json\/wp\/v2\/users\/1"}],"replies":[{"embeddable":true,"href":"https:\/\/durmitor.info\/sr\/wp-json\/wp\/v2\/comments?post=3360"}],"version-history":[{"count":5,"href":"https:\/\/durmitor.info\/sr\/wp-json\/wp\/v2\/pages\/3360\/revisions"}],"predecessor-version":[{"id":3396,"href":"https:\/\/durmitor.info\/sr\/wp-json\/wp\/v2\/pages\/3360\/revisions\/3396"}],"wp:attachment":[{"href":"https:\/\/durmitor.info\/sr\/wp-json\/wp\/v2\/media?parent=3360"}],"curies":[{"name":"wp","href":"https:\/\/api.w.org\/{rel}","templated":true}]}}