{"id":2474,"date":"2017-07-19T13:10:50","date_gmt":"2017-07-19T13:10:50","guid":{"rendered":"http:\/\/durmitor.info\/?page_id=2474"},"modified":"2023-08-07T11:44:51","modified_gmt":"2023-08-07T11:44:51","slug":"rafting","status":"publish","type":"page","link":"https:\/\/durmitor.info\/sr\/rafting\/","title":{"rendered":"Rafting"},"content":{"rendered":"<section class=\"wpb-content-wrapper\"><p>[vc_row][vc_column width=&#8221;1\/2&#8243;][vc_single_image image=&#8221;2407&#8243; img_size=&#8221;full&#8221;][\/vc_column][vc_column width=&#8221;1\/2&#8243; css=&#8221;.vc_custom_1500461060218{padding-top: 15px !important;}&#8221;][vc_column_text]\n<h4>Rafting &#8211; Splavarenje Tara Rijeka se nalazi u Nacionalnom Parku Durmitor pod za\u0161titom UNESCO<\/h4>\n<p><strong>Najatraktivnija ponuda u zemlji<\/strong><br \/>\nU periodu od 1. Juna do 1. Oktobra zbog niskog vodostaja rafting nije rizi\u010dan, tako da su svi dobrodo\u0161li od 7 do 77 godina !<\/p>\n<p>[\/vc_column_text][\/vc_column][\/vc_row][vc_row][vc_column width=&#8221;1\/2&#8243;][vc_column_text]<div class=\"divider type_3\"><\/div>\n<h4>Jednodnevni aran\u017eman<\/h4>\n<h4>Djurdjevi\u0107a Tara (Splavi\u0161te &#8211; \u017dugi\u0107a luka)<\/h4>\n<ul class=\"the-icons clearfix\">\n<li><i class=\"icon-ok\"><\/i>Polazi se \u010damcima sa mjesta Splavi\u0161te, slijedi Ljutica, most na \u0110ur\u0111evi\u0107a Tari, zeleni virovi i \u017dugi\u0107a luka. Du\u017eina spusta je 14 km.Aran\u017eman obuhvata prevoz (iz bilo kojeg grada u Crnoj Gori), ru\u010dak.\/li&gt;<\/li>\n<li><i class=\"icon-ok\"><\/i><strong>Cijena 60\u20ac<\/strong><\/li>\n<\/ul>\n[\/vc_column_text][\/vc_column][vc_column width=&#8221;1\/2&#8243;][vc_column_text]<div class=\"divider type_3\"><\/div>\n<h4>Jednodnevni aran\u017eman<\/h4>\n<h4>Djurdjevi\u0107a Tara (Splavi\u0161te &#8211; \u017dugi\u0107a luka)<\/h4>\n<ul class=\"the-icons clearfix\">\n<li style=\"list-style-type: none;\">\n<ul class=\"the-icons clearfix\">\n<li><i class=\"icon-ok\"><\/i>Polazi se \u010damcima sa mjesta Splavi\u0161te, slijedi Ljutica, most na \u0110ur\u0111evi\u0107a Tari, zeleni virovi i \u017dugi\u0107a luka. Du\u017eina spusta je 14 km. Aran\u017eman ne obuhvata prevoz, ru\u010dak je u sklopu aran\u017emana!<\/li>\n<li><i class=\"icon-ok\"><\/i><strong>Cijena 70<\/strong><\/li>\n<\/ul>\n<\/li>\n<\/ul>\n<p>[\/vc_column_text][\/vc_column][\/vc_row][vc_row][vc_column width=&#8221;1\/2&#8243;][vc_column_text]<div class=\"divider type_3\"><\/div>\n<h4>Jednodnevni aran\u017eman<\/h4>\n<h4>Br\u0161tanovi\u010dki Bukovi (Br\u0161tanovica &#8211; \u0160\u0107epan Polje)<\/h4>\n<ul class=\"the-icons clearfix\">\n<li><i class=\"icon-ok\"><\/i>Ovaj spust se odvija izme\u0111u kampa Br\u0161tanovica i \u0160cepan Polja na povezanim bukovima (ujedno i najdu\u017eim na Tari) ukupne du\u017eine 15 km. Du\u017eina spusta je 18 km. Aran\u017eman obuhvata prevoz (iz bilo kojeg grada u Crnoj Gori), dorucak i ru\u010dak.<\/li>\n<li><i class=\"icon-ok\"><\/i><strong>Cijena 90\u20ac<\/strong><\/li>\n<\/ul>\n[\/vc_column_text][\/vc_column][vc_column width=&#8221;1\/2&#8243;][vc_column_text]<div class=\"divider type_3\"><\/div>\n<h4>Jednodnevni aran\u017eman<\/h4>\n<h4>Br\u0161tanovi\u010dki Bukovi (Br\u0161tanovica &#8211; \u0160\u0107epan Polje)<\/h4>\n<ul class=\"the-icons clearfix\">\n<li><i class=\"icon-ok\"><\/i>Ovaj spust se odvija izme\u0111u kampa Br\u0161tanovica i \u0160cepan Polja na povezanim bukovima (ujedno i najdu\u017eim na Tari) ukupne du\u017eine 15 km. Du\u017eina spusta je 18 km. Aran\u017eman obuhvata prevoz (iz bilo kojeg grada u Crnoj Gori), dorucak i ru\u010dak.<\/li>\n<li><i class=\"icon-ok\"><\/i><strong>Cijena 70\u20ac<\/strong><\/li>\n<\/ul>\n[\/vc_column_text][\/vc_column][\/vc_row][vc_row css=&#8221;.vc_custom_1500469815598{padding-top: 80px !important;padding-bottom: 140px !important;background-image: url(http:\/\/durmitor.info\/wp-content\/uploads\/2017\/07\/pozadina_rafting.jpg?id=2477) !important;}&#8221;][vc_column width=&#8221;1\/6&#8243;][\/vc_column][vc_column width=&#8221;2\/3&#8243; css=&#8221;.vc_custom_1500463942352{padding-top: 60px !important;}&#8221;][\/vc_column][vc_column width=&#8221;1\/6&#8243;][\/vc_column][\/vc_row][vc_row][vc_column width=&#8221;1\/2&#8243;][vc_column_text]<div class=\"divider type_3\"><\/div>\n<h4>Dvodnevni aran\u017eman<\/h4>\n<h4>Splavi\u0161te &#8211; \u0160\u0107epan Polje<\/h4>\n<ul class=\"the-icons clearfix\">\n<li><i class=\"icon-ok\"><\/i><strong>I Dan<\/strong> &#8211; Polazi se \u010damcima sa mjesta Splavi\u0161te, slijedi Ljutica, most na \u0110ur\u0111evi\u0107a Tari, zeleni virovi, \u017dugi\u0107a luka, Lever Tarai Radovan luka gdje \u0107emo no\u0107iti u kampu.<\/li>\n<li><i class=\"icon-ok\"><\/i><strong>II Dan<\/strong> &#8211; Polazak iz Radovan luke, kra\u0107i odmor u kampu Br\u0161tanovica, nastavljamo do \u0160\u0107epan Polja. Du\u017eina spusta, ovog dvodnevnog aran\u017emana, je 96 km. Aranzman obuhvata prevoz (iz bilo kojeg grada u Crnoj Gori), ishranu i smje\u0161taj.<\/li>\n<li><i class=\"icon-ok\"><\/i><strong>Cijena 220\u20ac<\/strong><\/li>\n<\/ul>\n[\/vc_column_text][\/vc_column][vc_column width=&#8221;1\/2&#8243;][vc_column_text]<div class=\"divider type_3\"><\/div>\n<h4>Trodnevni aran\u017eman<\/h4>\n<h4>Splavi\u0161te &#8211; \u0160\u0107epan Polje<\/h4>\n<ul class=\"the-icons clearfix\">\n<li><i class=\"icon-ok\"><\/i><strong>I Dan<\/strong> &#8211; Polazi se \u010damcima sa mjesta Splavi\u0161te, slijedi Ljutica, most na \u0110ur\u0111evi\u0107a Tari, zeleni virovi, \u017dugi\u0107a luka, Lever Tara i Radovan luka gdje \u0107emo no\u0107iti u kampu. Du\u017eina spusta je 38km.<\/li>\n<li><i class=\"icon-ok\"><\/i><strong>II Dan<\/strong> &#8211; Polazak iz Radovan luke do kampa Br\u0161tanovica gdje \u0107emo no\u0107iti u \u0161atorima. Du\u017eina spusta je 40km.<\/li>\n<li><i class=\"icon-ok\"><\/i><strong>III Dan<\/strong> &#8211; Polazak iz kampa Br\u0161tanovica do \u0160\u0107epan Polja i povratak. Du\u017eina spusta je 18 km.- Du\u017eina spusta, ovog trodnevnog aran\u017emana, je 96 km. Aranzman obuhvata prevoz (iz bilo kojeg grada u Crnoj Gori), ishranu i smje\u0161taj<\/li>\n<li><i class=\"icon-ok\"><\/i><strong>Cijena 280\u20ac<\/strong><\/li>\n<\/ul>\n<p>Minimum grupa od 5 polaznika.<br \/>\n[\/vc_column_text][\/vc_column][\/vc_row][vc_row][vc_column width=&#8221;1\/2&#8243;][vc_single_image image=&#8221;2747&#8243; img_size=&#8221;full&#8221;][\/vc_column][vc_column width=&#8221;1\/2&#8243;][vc_column_text]<div class=\"divider type_3\"><\/div>\n<h4>Splavarenje drvenim splavovima<\/h4>\n<p>Organizujemo splavarenje drvenim splavovima identi\u010dno trodnevnom aran\u017emanu, samo \u0161to tre\u0107i dan nastavljamo gumenim \u010damcima.[\/vc_column_text][\/vc_column][\/vc_row][vc_row][vc_column][vc_media_grid gap=&#8221;2&#8243; grid_id=&#8221;vc_gid:1691408534698-34e6598b-904b-5&#8243; include=&#8221;3327,3328,3329,3330,3331,3332&#8243;][\/vc_column][\/vc_row]<\/p>\n<\/section>","protected":false},"excerpt":{"rendered":"<p>[vc_row][vc_column width=&#8221;1\/2&#8243;][vc_single_image image=&#8221;2407&#8243; img_size=&#8221;full&#8221;][\/vc_column][vc_column width=&#8221;1\/2&#8243; css=&#8221;.vc_custom_1500461060218{padding-top: 15px !important;}&#8221;][vc_column_text][\/vc_column_text][\/vc_column][vc_column width=&#8221;1\/2&#8243;][vc_column_text] [\/vc_column_text][\/vc_column][\/vc_row][vc_row][vc_column width=&#8221;1\/2&#8243;][vc_column_text][\/vc_column_text][\/vc_column][vc_column width=&#8221;1\/2&#8243;][vc_column_text][\/vc_column_text][\/vc_column][\/vc_row][vc_row css=&#8221;.vc_custom_1500469815598{padding-top: 80px !important;padding-bottom: 140px !important;background-image: url(http:\/\/durmitor.info\/wp-content\/uploads\/2017\/07\/pozadina_rafting.jpg?id=2477) !important;}&#8221;][vc_column width=&#8221;1\/6&#8243;][\/vc_column][vc_column width=&#8221;2\/3&#8243; css=&#8221;.vc_custom_1500463942352{padding-top: 60px !important;}&#8221;][\/vc_column][vc_column width=&#8221;1\/6&#8243;][\/vc_column][\/vc_row][vc_row][vc_column width=&#8221;1\/2&#8243;][vc_column_text][\/vc_column_text][\/vc_column][vc_column width=&#8221;1\/2&#8243;][vc_column_text][\/vc_column_text][\/vc_column][\/vc_row][vc_row][vc_column width=&#8221;1\/2&#8243;][vc_single_image image=&#8221;2747&#8243; img_size=&#8221;full&#8221;][\/vc_column][vc_column width=&#8221;1\/2&#8243;][vc_column_text] Splavarenje drvenim splavovima Organizujemo splavarenje drvenim splavovima identi\u010dno &hellip; <\/p>\n<p><a href=\"https:\/\/durmitor.info\/sr\/rafting\/\" class=\"read_more_link\">Read more<\/a><\/p>\n","protected":false},"author":1,"featured_media":0,"parent":0,"menu_order":0,"comment_status":"open","ping_status":"open","template":"","meta":[],"aioseo_notices":[],"_links":{"self":[{"href":"https:\/\/durmitor.info\/sr\/wp-json\/wp\/v2\/pages\/2474"}],"collection":[{"href":"https:\/\/durmitor.info\/sr\/wp-json\/wp\/v2\/pages"}],"about":[{"href":"https:\/\/durmitor.info\/sr\/wp-json\/wp\/v2\/types\/page"}],"author":[{"embeddable":true,"href":"https:\/\/durmitor.info\/sr\/wp-json\/wp\/v2\/users\/1"}],"replies":[{"embeddable":true,"href":"https:\/\/durmitor.info\/sr\/wp-json\/wp\/v2\/comments?post=2474"}],"version-history":[{"count":11,"href":"https:\/\/durmitor.info\/sr\/wp-json\/wp\/v2\/pages\/2474\/revisions"}],"predecessor-version":[{"id":3560,"href":"https:\/\/durmitor.info\/sr\/wp-json\/wp\/v2\/pages\/2474\/revisions\/3560"}],"wp:attachment":[{"href":"https:\/\/durmitor.info\/sr\/wp-json\/wp\/v2\/media?parent=2474"}],"curies":[{"name":"wp","href":"https:\/\/api.w.org\/{rel}","templated":true}]}}