{"id":2468,"date":"2017-07-19T12:49:39","date_gmt":"2017-07-19T12:49:39","guid":{"rendered":"http:\/\/durmitor.info\/?page_id=2468"},"modified":"2018-08-06T13:34:00","modified_gmt":"2018-08-06T13:34:00","slug":"jednodnevni-aktivni-odmor","status":"publish","type":"page","link":"https:\/\/durmitor.info\/sr\/jednodnevni-aktivni-odmor\/","title":{"rendered":"Jednodnevni aktivni odmor"},"content":{"rendered":"<section class=\"wpb-content-wrapper\"><p>[vc_row][vc_column width=&#8221;1\/2&#8243;][vc_single_image image=&#8221;2406&#8243; img_size=&#8221;full&#8221;][\/vc_column][vc_column width=&#8221;1\/2&#8243; css=&#8221;.vc_custom_1500461060218{padding-top: 15px !important;}&#8221;][vc_column_text]\n<strong>POLAZAK SA \u017dABLJAKA U 8: 00 h,KRE\u0106E SE KOMBIJEM KA \u0160TUOCU, UZIMAJU SE BAJKOVI I VOZE SE OD 5 DO 10 km.<\/strong><br \/>\nVRA\u0106AJU SE BAJSEVI NA KOMBI I NASTAVLJA SE VO\u017dNJA KA SU\u0160ICI, PRAVI SE MALA PAUZA ( ru\u010dak ) U PLANINARSKOM DOMU &#8211; SU\u0160ICA, KRE\u0106E SE KOMBIJEM KA SPLAVI\u0160TU-BR\u0160TANOVICA, SJEDA SE U \u010cAMAC I SPLAVARI DO \u0160CEPAN POLJA ( 20 km.)<br \/>\n[\/vc_column_text][vc_btn title=&#8221;DOWNLOAD&#8221; style=&#8221;3d&#8221; color=&#8221;danger&#8221; i_icon_fontawesome=&#8221;fa fa-file-pdf-o&#8221; add_icon=&#8221;true&#8221; link=&#8221;url:http%3A%2F%2Fdurmitor.info%2Fwp-content%2Fuploads%2F2017%2F07%2Fjednodnevni-aktivni-odmor.pdf||target:%20_blank|&#8221;][\/vc_column][\/vc_row][vc_row][vc_column][vc_column_text]<div class=\"divider type_3\"><\/div><br \/>\n[\/vc_column_text][vc_column_text]<\/p>\n<p style=\"text-align: left;\">\u00a0PAKUJU SE STVARI I NASTAVLJA PUT KA ( pivskoj planini, vrhovima: sedlo i sto\u017eina) DURMITORU, ZAUSTAVLJA SE KOD VRHA STO\u017dINA, OSTAVLJA SE KOMBI I ODLAZI PJE\u0160KE DO MODROG JEZERA NA KUPANJE. PUT SE NASTAVLJA KA \u017dABLJAKU, DOLAZI SE U Hotel &#8211; JAVOR &#8211; \u017dABLJAK NAJKASNIJE DO 20: 00 h<\/p>\n<p>[\/vc_column_text][\/vc_column][\/vc_row][vc_row][vc_column][vc_column_text]<div class=\"divider type_3\"><\/div><br \/>\n[\/vc_column_text][vc_media_grid element_width=&#8221;6&#8243; item=&#8221;masonryMedia_SolidBlurOut&#8221; grid_id=&#8221;vc_gid:1500726810333-f18ce67b-5643-4&#8243; include=&#8221;2513,2514,2515,2516,2517,2518,2739,2740&#8243;][\/vc_column][\/vc_row]<\/p>\n<\/section>","protected":false},"excerpt":{"rendered":"<p>[vc_row][vc_column width=&#8221;1\/2&#8243;][vc_single_image image=&#8221;2406&#8243; img_size=&#8221;full&#8221;][\/vc_column][vc_column width=&#8221;1\/2&#8243; css=&#8221;.vc_custom_1500461060218{padding-top: 15px !important;}&#8221;][vc_column_text] POLAZAK SA \u017dABLJAKA U 8: 00 h,KRE\u0106E SE KOMBIJEM KA \u0160TUOCU, UZIMAJU SE BAJKOVI I VOZE SE OD 5 DO 10 km. VRA\u0106AJU SE BAJSEVI NA KOMBI I NASTAVLJA SE VO\u017dNJA &hellip; <\/p>\n<p><a href=\"https:\/\/durmitor.info\/sr\/jednodnevni-aktivni-odmor\/\" class=\"read_more_link\">Read more<\/a><\/p>\n","protected":false},"author":1,"featured_media":0,"parent":0,"menu_order":0,"comment_status":"open","ping_status":"open","template":"","meta":[],"aioseo_notices":[],"_links":{"self":[{"href":"https:\/\/durmitor.info\/sr\/wp-json\/wp\/v2\/pages\/2468"}],"collection":[{"href":"https:\/\/durmitor.info\/sr\/wp-json\/wp\/v2\/pages"}],"about":[{"href":"https:\/\/durmitor.info\/sr\/wp-json\/wp\/v2\/types\/page"}],"author":[{"embeddable":true,"href":"https:\/\/durmitor.info\/sr\/wp-json\/wp\/v2\/users\/1"}],"replies":[{"embeddable":true,"href":"https:\/\/durmitor.info\/sr\/wp-json\/wp\/v2\/comments?post=2468"}],"version-history":[{"count":10,"href":"https:\/\/durmitor.info\/sr\/wp-json\/wp\/v2\/pages\/2468\/revisions"}],"predecessor-version":[{"id":3285,"href":"https:\/\/durmitor.info\/sr\/wp-json\/wp\/v2\/pages\/2468\/revisions\/3285"}],"wp:attachment":[{"href":"https:\/\/durmitor.info\/sr\/wp-json\/wp\/v2\/media?parent=2468"}],"curies":[{"name":"wp","href":"https:\/\/api.w.org\/{rel}","templated":true}]}}