{"id":2460,"date":"2017-07-19T12:39:08","date_gmt":"2017-07-19T12:39:08","guid":{"rendered":"http:\/\/durmitor.info\/?page_id=2460"},"modified":"2023-08-07T11:49:05","modified_gmt":"2023-08-07T11:49:05","slug":"ski-snowboard-skola","status":"publish","type":"page","link":"https:\/\/durmitor.info\/sr\/ski-snowboard-skola\/","title":{"rendered":"Ski Snowboard \u0161kola"},"content":{"rendered":"<section class=\"wpb-content-wrapper\"><p>[vc_row][vc_column width=&#8221;1\/2&#8243;][vc_single_image image=&#8221;2405&#8243; img_size=&#8221;full&#8221;][\/vc_column][vc_column width=&#8221;1\/2&#8243; css=&#8221;.vc_custom_1500461060218{padding-top: 15px !important;}&#8221;][vc_column_text]\n<h4>\u0160kola skijanja i rentiranje ski opreme<\/h4>\n<p>Za boravak na snijegu, ukoliko ne znate da skijate, u svojoj ponudi imamo \u0161kolu skijanja sa vrhunskim skija\u0161ima koji \u0107e Vas u najkra\u0107em vremenu nau\u010diti da osjetite sve \u010dari koje vam ovaj sport pru\u017ea.<\/p>\n<p>[\/vc_column_text][vc_btn title=&#8221;DOWNLOAD&#8221; color=&#8221;danger&#8221; i_icon_fontawesome=&#8221;fa fa-file-pdf-o&#8221; add_icon=&#8221;true&#8221; link=&#8221;url:http%3A%2F%2Fdurmitor.info%2Fwp-content%2Fuploads%2F2017%2F07%2Fskisnowboard-kola.pdf||target:%20_blank|&#8221;][\/vc_column][\/vc_row][vc_row][vc_column width=&#8221;1\/2&#8243;][vc_column_text]<div class=\"divider type_3\"><\/div>\n<h4>Cijena SkiSnowboard \u0161kole<\/h4>\n<ul class=\"the-icons clearfix\">\n<li><i class=\"icon-ok\"><\/i>1 casa 1 osoba 30\u20ac<\/li>\n<li><i class=\"icon-ok\"><\/i>1 cas 2 osobe 40\u20ac<\/li>\n<li><i class=\"icon-ok\"><\/i>1 cas 3 osobe 50\u20ac<\/li>\n<li><i class=\"icon-ok\"><\/i>1 sat 4-5 osoba 60\u20ac<\/li>\n<li><i class=\"icon-ok\"><\/i>GRUPNA NASTAVA<\/li>\n<li><i class=\"icon-ok\"><\/i>Nastava od 6-10 osoba cijena 5 dana po 2 sata 10 sati 180 \u20ac<\/li>\n<li><i class=\"icon-ok\"><\/i>Nastava za decu do 10 godina 160\u20ac<\/li>\n<\/ul>\n[\/vc_column_text][\/vc_column][vc_column width=&#8221;1\/2&#8243;][vc_column_text]<div class=\"divider type_3\"><\/div>\n<h4>Rentiranje ski opreme<\/h4>\n<ul class=\"the-icons clearfix\">\n<li><i class=\"icon-ok\"><\/i>1 dan 15\u20ac<\/li>\n<li><i class=\"icon-ok\"><\/i>3 dana 35\u20ac<\/li>\n<li><i class=\"icon-ok\"><\/i>7 dana 70\u20ac<\/li>\n<\/ul>\n[\/vc_column_text][\/vc_column][\/vc_row][vc_row][vc_column][vc_column_text]<div class=\"divider type_3\"><\/div>[\/vc_column_text][vc_media_grid element_width=&#8221;6&#8243; item=&#8221;masonryMedia_SolidBlurOut&#8221; grid_id=&#8221;vc_gid:1691408864025-e40cd408-c46e-8&#8243; include=&#8221;2537,2538,2539,2540,2541,2751,2752,2750,3276,3277,3278&#8243;][\/vc_column][\/vc_row]<\/p>\n<\/section>","protected":false},"excerpt":{"rendered":"<p>[vc_row][vc_column width=&#8221;1\/2&#8243;][vc_single_image image=&#8221;2405&#8243; img_size=&#8221;full&#8221;][\/vc_column][vc_column width=&#8221;1\/2&#8243; css=&#8221;.vc_custom_1500461060218{padding-top: 15px !important;}&#8221;][vc_column_text][\/vc_column_text][\/vc_column][vc_column width=&#8221;1\/2&#8243;][vc_column_text][\/vc_column_text][\/vc_column][\/vc_row][vc_row][vc_column][vc_column_text][\/vc_column_text][vc_media_grid element_width=&#8221;6&#8243; item=&#8221;masonryMedia_SolidBlurOut&#8221; grid_id=&#8221;vc_gid:1691408864025-e40cd408-c46e-8&#8243; include=&#8221;2537,2538,2539,2540,2541,2751,2752,2750,3276,3277,3278&#8243;][\/vc_column][\/vc_row]<\/p>\n","protected":false},"author":1,"featured_media":0,"parent":0,"menu_order":0,"comment_status":"open","ping_status":"open","template":"","meta":[],"aioseo_notices":[],"_links":{"self":[{"href":"https:\/\/durmitor.info\/sr\/wp-json\/wp\/v2\/pages\/2460"}],"collection":[{"href":"https:\/\/durmitor.info\/sr\/wp-json\/wp\/v2\/pages"}],"about":[{"href":"https:\/\/durmitor.info\/sr\/wp-json\/wp\/v2\/types\/page"}],"author":[{"embeddable":true,"href":"https:\/\/durmitor.info\/sr\/wp-json\/wp\/v2\/users\/1"}],"replies":[{"embeddable":true,"href":"https:\/\/durmitor.info\/sr\/wp-json\/wp\/v2\/comments?post=2460"}],"version-history":[{"count":7,"href":"https:\/\/durmitor.info\/sr\/wp-json\/wp\/v2\/pages\/2460\/revisions"}],"predecessor-version":[{"id":2868,"href":"https:\/\/durmitor.info\/sr\/wp-json\/wp\/v2\/pages\/2460\/revisions\/2868"}],"wp:attachment":[{"href":"https:\/\/durmitor.info\/sr\/wp-json\/wp\/v2\/media?parent=2460"}],"curies":[{"name":"wp","href":"https:\/\/api.w.org\/{rel}","templated":true}]}}