{"id":2453,"date":"2017-07-19T12:09:11","date_gmt":"2017-07-19T12:09:11","guid":{"rendered":"http:\/\/durmitor.info\/?page_id=2453"},"modified":"2017-07-22T12:47:51","modified_gmt":"2017-07-22T12:47:51","slug":"kombinovane-ture-2","status":"publish","type":"page","link":"https:\/\/durmitor.info\/sr\/kombinovane-ture-2\/","title":{"rendered":"Kombinovane ture"},"content":{"rendered":"<section class=\"wpb-content-wrapper\"><p>[vc_row][vc_column width=&#8221;1\/2&#8243;][vc_single_image image=&#8221;2404&#8243; img_size=&#8221;full&#8221;][\/vc_column][vc_column width=&#8221;1\/2&#8243; css=&#8221;.vc_custom_1500461060218{padding-top: 15px !important;}&#8221;][vc_column_text]\n<h4>ARAN\u017dMAN ZA TRI I SEDAM DANA KOJI UKLJU\u010cUJE U SVOJ PROGRAM SLEDE\u0106U PONUDU<\/h4>\n<ul class=\"the-icons clearfix\">\n<li><i class=\"icon-ok\"><\/i>RAFTING TAROM ( 87 KM ) CIJELA TRASA \u2013 DVA DANA &#8211; KOMPLETAN ARAN\u017dMAN \u2013 200\u20ac (po osobi )<\/li>\n<li><i class=\"icon-ok\"><\/i>PJE\u0160ACKE TURE SA VODI\u010cIMA &#8211; dan za cijelu grupu &#8211; 30\u20ac<\/li>\n<\/ul>\n\n[\/vc_column_text][vc_btn title=&#8221;DOWNLOAD&#8221; style=&#8221;3d&#8221; color=&#8221;danger&#8221; i_icon_fontawesome=&#8221;fa fa-file-pdf-o&#8221; add_icon=&#8221;true&#8221; link=&#8221;url:http%3A%2F%2Fdurmitor.info%2Fwp-content%2Fuploads%2F2017%2F07%2Fkombinovane-ture.pdf||target:%20_blank|&#8221;][\/vc_column][\/vc_row][vc_row][vc_column width=&#8221;1\/2&#8243;][vc_column_text]<div class=\"divider type_3\"><\/div>\n<ul class=\"the-icons clearfix\">\n<li><i class=\"icon-ok\"><\/i>PLANINARSKE TURE SA VODI\u010cIMA &#8211; dan za cijelu grupu &#8211; 50\u20ac<\/li>\n<li><i class=\"icon-ok\"><\/i>VO\u017dNJA MOUNTAIN BIKE KROZ MASIV DURMITORA ( 5-20 km.)<\/li>\n<li><i class=\"icon-ok\"><\/i>POLUPANSION U HOTELU JAVOR IZNOSI \u2013 23 eur ( smje\u0161taj i dva obroka )<\/li>\n<\/ul>\n[\/vc_column_text][\/vc_column][vc_column width=&#8221;1\/2&#8243;][vc_column_text]<div class=\"divider type_3\"><\/div>\n<h4><\/h4>\n<ul class=\"the-icons clearfix\">\n<li><i class=\"icon-ok\"><\/i>TAKSE \u2013po danu 1 eur &#8211; OSIGURANJE \u2013 po danu 0.5\u20ac<\/li>\n<li><i class=\"icon-ok\"><\/i>CIJENA ARAN\u017dMANA OD TRI DANA 270\u20ac<\/li>\n<li><i class=\"icon-ok\"><\/i>CIJENA ARAN\u017dMANA OD SEDAM DANA 380\u20ac<\/li>\n<\/ul>\n[\/vc_column_text][\/vc_column][\/vc_row][vc_row][vc_column][vc_column_text]<div class=\"divider type_3\"><\/div>[\/vc_column_text][vc_media_grid element_width=&#8221;6&#8243; item=&#8221;masonryMedia_SolidBlurOut&#8221; grid_id=&#8221;vc_gid:1500727606156-063cc49d-7c22-2&#8243; include=&#8221;2524,2525,2526,2527,2528,2529,2742,2743&#8243;][\/vc_column][\/vc_row]<\/p>\n<\/section>","protected":false},"excerpt":{"rendered":"<p>[vc_row][vc_column width=&#8221;1\/2&#8243;][vc_single_image image=&#8221;2404&#8243; img_size=&#8221;full&#8221;][\/vc_column][vc_column width=&#8221;1\/2&#8243; css=&#8221;.vc_custom_1500461060218{padding-top: 15px !important;}&#8221;][vc_column_text] [\/vc_column_text][vc_btn title=&#8221;DOWNLOAD&#8221; style=&#8221;3d&#8221; color=&#8221;danger&#8221; i_icon_fontawesome=&#8221;fa fa-file-pdf-o&#8221; add_icon=&#8221;true&#8221; link=&#8221;url:http%3A%2F%2Fdurmitor.info%2Fwp-content%2Fuploads%2F2017%2F07%2Fkombinovane-ture.pdf||target:%20_blank|&#8221;][\/vc_column][\/vc_row][vc_row][vc_column width=&#8221;1\/2&#8243;][vc_column_text][\/vc_column_text][\/vc_column][vc_column width=&#8221;1\/2&#8243;][vc_column_text][\/vc_column_text][\/vc_column][\/vc_row][vc_row][vc_column][vc_column_text][\/vc_column_text][vc_media_grid element_width=&#8221;6&#8243; item=&#8221;masonryMedia_SolidBlurOut&#8221; grid_id=&#8221;vc_gid:1500727606156-063cc49d-7c22-2&#8243; include=&#8221;2524,2525,2526,2527,2528,2529,2742,2743&#8243;][\/vc_column][\/vc_row]<\/p>\n","protected":false},"author":1,"featured_media":0,"parent":0,"menu_order":0,"comment_status":"open","ping_status":"open","template":"","meta":[],"aioseo_notices":[],"_links":{"self":[{"href":"https:\/\/durmitor.info\/sr\/wp-json\/wp\/v2\/pages\/2453"}],"collection":[{"href":"https:\/\/durmitor.info\/sr\/wp-json\/wp\/v2\/pages"}],"about":[{"href":"https:\/\/durmitor.info\/sr\/wp-json\/wp\/v2\/types\/page"}],"author":[{"embeddable":true,"href":"https:\/\/durmitor.info\/sr\/wp-json\/wp\/v2\/users\/1"}],"replies":[{"embeddable":true,"href":"https:\/\/durmitor.info\/sr\/wp-json\/wp\/v2\/comments?post=2453"}],"version-history":[{"count":7,"href":"https:\/\/durmitor.info\/sr\/wp-json\/wp\/v2\/pages\/2453\/revisions"}],"predecessor-version":[{"id":2802,"href":"https:\/\/durmitor.info\/sr\/wp-json\/wp\/v2\/pages\/2453\/revisions\/2802"}],"wp:attachment":[{"href":"https:\/\/durmitor.info\/sr\/wp-json\/wp\/v2\/media?parent=2453"}],"curies":[{"name":"wp","href":"https:\/\/api.w.org\/{rel}","templated":true}]}}