{"id":2410,"date":"2017-07-19T10:33:01","date_gmt":"2017-07-19T10:33:01","guid":{"rendered":"http:\/\/durmitor.info\/?page_id=2410"},"modified":"2018-08-08T14:48:04","modified_gmt":"2018-08-08T14:48:04","slug":"planinarenje","status":"publish","type":"page","link":"https:\/\/durmitor.info\/sr\/planinarenje\/","title":{"rendered":"Planinarenje"},"content":{"rendered":"<section class=\"wpb-content-wrapper\"><p>[vc_row][vc_column width=&#8221;1\/2&#8243;][vc_single_image image=&#8221;2389&#8243; img_size=&#8221;full&#8221;][\/vc_column][vc_column width=&#8221;1\/2&#8243; css=&#8221;.vc_custom_1500461060218{padding-top: 15px !important;}&#8221;][vc_column_text]\n<h4>Spisak opreme za planinarenje<\/h4>\n<p><strong>Ranac<\/strong><br \/>\n<strong>Obu\u0107a<\/strong><\/p>\n<ul class=\"the-icons clearfix\">\n<li><i class=\"icon-ok\"><\/i>Gojzerice ili vojni\u010dke \u010dizme, eventualno trekerice<\/li>\n<li><i class=\"icon-ok\"><\/i>Patike za logor \/ rezervu<\/li>\n<\/ul>\n\n<p>[\/vc_column_text][vc_btn title=&#8221;DOWNLOAD&#8221; color=&#8221;danger&#8221; i_icon_fontawesome=&#8221;fa fa-file-pdf-o&#8221; add_icon=&#8221;true&#8221; link=&#8221;url:http%3A%2F%2Fdurmitor.info%2Fwp-content%2Fuploads%2F2017%2F07%2Fplaninarenje.pdf||target:%20_blank|&#8221;][\/vc_column][\/vc_row][vc_row][vc_column width=&#8221;1\/2&#8243;][vc_column_text]<div class=\"divider type_3\"><\/div>\n<h4>Boravak na terenu<\/h4>\n<ul class=\"the-icons clearfix\">\n<li><i class=\"icon-ok\"><\/i>\u010cutura ili fla\u0161a 1.5 l<\/li>\n<li><i class=\"icon-ok\"><\/i>Pi\u0161taljka<\/li>\n<li><i class=\"icon-ok\"><\/i>Za\u0161titna krema za sunce SPF 15 ili vi\u0161i i ma\u017ea za usne ili gro\u017e\u0111ana mast i cink<\/li>\n<li><i class=\"icon-ok\"><\/i>GPS<\/li>\n<li><i class=\"icon-ok\"><\/i>Foto-aparat, film, objektivi i filtri<\/li>\n<li><i class=\"icon-ok\"><\/i>Mobilni telefon ili motorola<\/li>\n<\/ul>\n[\/vc_column_text][\/vc_column][vc_column width=&#8221;1\/2&#8243;][vc_column_text]<div class=\"divider type_3\"><\/div>\n<h4>10 obaveznih stvari od kojih se ne odvajamo<\/h4>\n<ul class=\"the-icons clearfix\">\n<li><i class=\"icon-ok\"><\/i>\u0160ibice u vodootpornoj kutiji i\/ili upalja\u010d<\/li>\n<li><i class=\"icon-ok\"><\/i>Karta<\/li>\n<li><i class=\"icon-ok\"><\/i>Kompas<\/li>\n<li><i class=\"icon-ok\"><\/i>GPS<\/li>\n<li><i class=\"icon-ok\"><\/i>Energetska u\u017eina<\/li>\n<li><i class=\"icon-ok\"><\/i>Nao\u010dari za sunce sa UV za\u0161titom (sa gajtanom)<\/li>\n<\/ul>\n[\/vc_column_text][\/vc_column][\/vc_row][vc_row][vc_column width=&#8221;1\/2&#8243;][vc_column_text]<div class=\"divider type_3\"><\/div>\n<h4>Obavezne \u201esitnice\u201c<\/h4>\n<ul class=\"the-icons clearfix\">\n<li><i class=\"icon-ok\"><\/i>Novac<\/li>\n<li><i class=\"icon-ok\"><\/i>Dokumenta (li\u010dna karta ili paso\u0161, zdravstvena, planinarska i druge klupske knji\u017eice, voza\u010dke isprave, putna dokumenta i drugo)<\/li>\n<li><i class=\"icon-ok\"><\/i>Sat<\/li>\n<li><i class=\"icon-ok\"><\/i>Nepromo\u010dive kesice \u2013 za \u010duvanje svega \u0161to mora ostati suvo<\/li>\n<\/ul>\n[\/vc_column_text][\/vc_column][vc_column width=&#8221;1\/2&#8243;][vc_column_text]<div class=\"divider type_3\"><\/div>\n<h4>Prva pomo\u0107<\/h4>\n<h4>Za stalno no\u0161enje<\/h4>\n<ul class=\"the-icons clearfix\">\n<li><i class=\"icon-ok\"><\/i>Zavoji raznih \u0161irina \u2013 3<\/li>\n<li><i class=\"icon-ok\"><\/i>Elasti\u010dni zavoj<\/li>\n<li><i class=\"icon-ok\"><\/i>Flaster<\/li>\n<li><i class=\"icon-ok\"><\/i>Komplet hanzaplasta<\/li>\n<li><i class=\"icon-ok\"><\/i>Sterilna gaza \u2013 3<\/li>\n<li><i class=\"icon-ok\"><\/i>Dezinfekciono sredstvo (povidon jod)<\/li>\n<li><i class=\"icon-ok\"><\/i>Tablete protiv bolova u motornom sistemu (brufen, diklofen)<\/li>\n<\/ul>\n[\/vc_column_text][\/vc_column][\/vc_row][vc_row css=&#8221;.vc_custom_1500463846812{padding-top: 30px !important;padding-bottom: 70px !important;background-image: url(http:\/\/durmitor.info\/wp-content\/uploads\/2017\/07\/pozadina.jpg?id=2419) !important;}&#8221;][vc_column width=&#8221;1\/6&#8243;][\/vc_column][vc_column width=&#8221;2\/3&#8243; css=&#8221;.vc_custom_1500463942352{padding-top: 60px !important;}&#8221;][vc_column_text css=&#8221;.vc_custom_1500463665767{padding-top: 5px !important;padding-right: 1px !important;padding-bottom: 2px !important;padding-left: 1px !important;background-color: rgba(0,0,0,0.75) !important;*background-color: rgb(0,0,0) !important;border-radius: 1px !important;}&#8221;]<\/p>\n<p style=\"text-align: center;\"><span style=\"color: #ffffff;\"><strong>Odijevanje (izbijegavati pamuk)<\/strong><\/span><\/p>\n<p style=\"text-align: center;\"><span style=\"color: #ffffff;\"><strong>Hrana (LAN\u010c PAKETI U HOTELU-JAVOR U SPECIJALNOM PAKOVANJU)<\/strong><\/span><\/p>\n<p>[\/vc_column_text][\/vc_column][vc_column width=&#8221;1\/6&#8243;][\/vc_column][\/vc_row][vc_row][vc_column width=&#8221;1\/2&#8243;][vc_column_text]<div class=\"divider type_3\"><\/div>\n<h4>Zimski uspon \/ gle\u010der<\/h4>\n<ul class=\"the-icons clearfix\">\n<li><i class=\"icon-ok\"><\/i>Dodatne nao\u010dari, najbolje skija\u0161ke<\/li>\n<li><i class=\"icon-ok\"><\/i>Cepin<\/li>\n<li><i class=\"icon-ok\"><\/i>Bajla<\/li>\n<li><i class=\"icon-ok\"><\/i>Alpinisti\u010dki \u0161lem<\/li>\n<li><i class=\"icon-ok\"><\/i>Potkapa<\/li>\n<li><i class=\"icon-ok\"><\/i>Alpinisti\u010dki pojas<\/li>\n<li><i class=\"icon-ok\"><\/i>Lavinske sonde \/ alarmi-lokatori<\/li>\n<li><i class=\"icon-ok\"><\/i>Lopata za sneg<\/li>\n<li><i class=\"icon-ok\"><\/i>\u0160tapovi za sneg (mogu ski-\u0161tapovi)<\/li>\n<li><i class=\"icon-ok\"><\/i>Gojzerice za sneg<\/li>\n<li><i class=\"icon-ok\"><\/i>Dereze<\/li>\n<\/ul>\n[\/vc_column_text][\/vc_column][vc_column width=&#8221;1\/2&#8243; css=&#8221;.vc_custom_1500463729372{padding-top: 35px !important;}&#8221;][vc_column_text]<div class=\"divider type_3\"><\/div>[\/vc_column_text][vc_column_text css=&#8221;.vc_custom_1500463733895{padding-top: 25px !important;}&#8221;]\n<ul class=\"the-icons clearfix\">\n<li><i class=\"icon-ok\"><\/i>Dodatna topla ode\u0107a, po mogu\u0107nosti flis<\/li>\n<li><i class=\"icon-ok\"><\/i>Rukavice (obi\u010dne, navla\u010dne\u2026)<\/li>\n<li><i class=\"icon-ok\"><\/i>Impregnacijska ma\u017ea za gojzerice (ako su ko\u017ene)<\/li>\n<li><i class=\"icon-ok\"><\/i>Osmica, 5 kompleta, 3 suva, 4 ledna klina, 2 sne\u017ena klina,<\/li>\n<li><i class=\"icon-ok\"><\/i>2 prusika od 5 \u2013 6 metara<\/li>\n<li><i class=\"icon-ok\"><\/i>Alpinisti\u010dko u\u017ee 9 mm (1 na 2)<\/li>\n<li><i class=\"icon-ok\"><\/i>Krplje ili skije<\/li>\n<li><i class=\"icon-ok\"><\/i>Deadman, klinovi i ledni\u010dki klinovi<\/li>\n<li><i class=\"icon-ok\"><\/i>Vre\u0107a za spavanje mora biti zimska (za temperature od -20 C)<\/li>\n<\/ul>\n[\/vc_column_text][\/vc_column][\/vc_row][vc_row][vc_column][vc_column_text]<div class=\"divider type_3\"><\/div>[\/vc_column_text][vc_media_grid element_width=&#8221;6&#8243; item=&#8221;masonryMedia_SolidBlurOut&#8221; grid_id=&#8221;vc_gid:1533739515388-a1fd165e-8b76-6&#8243; include=&#8221;3164,3163,3161,3160,3159&#8243;][\/vc_column][\/vc_row][vc_row][vc_column][vc_empty_space height=&#8221;15px&#8221;][vc_wp_recentcomments number=&#8221;5&#8243;][\/vc_column][\/vc_row]<\/p>\n<\/section>","protected":false},"excerpt":{"rendered":"<p>[vc_row][vc_column width=&#8221;1\/2&#8243;][vc_single_image image=&#8221;2389&#8243; img_size=&#8221;full&#8221;][\/vc_column][vc_column width=&#8221;1\/2&#8243; css=&#8221;.vc_custom_1500461060218{padding-top: 15px !important;}&#8221;][vc_column_text] [\/vc_column_text][vc_btn title=&#8221;DOWNLOAD&#8221; color=&#8221;danger&#8221; i_icon_fontawesome=&#8221;fa fa-file-pdf-o&#8221; add_icon=&#8221;true&#8221; link=&#8221;url:http%3A%2F%2Fdurmitor.info%2Fwp-content%2Fuploads%2F2017%2F07%2Fplaninarenje.pdf||target:%20_blank|&#8221;][\/vc_column][\/vc_row][vc_row][vc_column width=&#8221;1\/2&#8243;][vc_column_text][\/vc_column_text][\/vc_column][vc_column width=&#8221;1\/2&#8243;][vc_column_text][\/vc_column_text][\/vc_column][\/vc_row][vc_row][vc_column width=&#8221;1\/2&#8243;][vc_column_text][\/vc_column_text][\/vc_column][vc_column width=&#8221;1\/2&#8243;][vc_column_text][\/vc_column_text][\/vc_column][\/vc_row][vc_row css=&#8221;.vc_custom_1500463846812{padding-top: 30px !important;padding-bottom: 70px !important;background-image: url(http:\/\/durmitor.info\/wp-content\/uploads\/2017\/07\/pozadina.jpg?id=2419) !important;}&#8221;][vc_column width=&#8221;1\/6&#8243;][\/vc_column][vc_column width=&#8221;2\/3&#8243; css=&#8221;.vc_custom_1500463942352{padding-top: 60px !important;}&#8221;][vc_column_text css=&#8221;.vc_custom_1500463665767{padding-top: 5px !important;padding-right: 1px !important;padding-bottom: 2px !important;padding-left: 1px &hellip; <\/p>\n<p><a href=\"https:\/\/durmitor.info\/sr\/planinarenje\/\" class=\"read_more_link\">Read more<\/a><\/p>\n","protected":false},"author":1,"featured_media":0,"parent":0,"menu_order":0,"comment_status":"open","ping_status":"open","template":"","meta":[],"aioseo_notices":[],"_links":{"self":[{"href":"https:\/\/durmitor.info\/sr\/wp-json\/wp\/v2\/pages\/2410"}],"collection":[{"href":"https:\/\/durmitor.info\/sr\/wp-json\/wp\/v2\/pages"}],"about":[{"href":"https:\/\/durmitor.info\/sr\/wp-json\/wp\/v2\/types\/page"}],"author":[{"embeddable":true,"href":"https:\/\/durmitor.info\/sr\/wp-json\/wp\/v2\/users\/1"}],"replies":[{"embeddable":true,"href":"https:\/\/durmitor.info\/sr\/wp-json\/wp\/v2\/comments?post=2410"}],"version-history":[{"count":31,"href":"https:\/\/durmitor.info\/sr\/wp-json\/wp\/v2\/pages\/2410\/revisions"}],"predecessor-version":[{"id":3348,"href":"https:\/\/durmitor.info\/sr\/wp-json\/wp\/v2\/pages\/2410\/revisions\/3348"}],"wp:attachment":[{"href":"https:\/\/durmitor.info\/sr\/wp-json\/wp\/v2\/media?parent=2410"}],"curies":[{"name":"wp","href":"https:\/\/api.w.org\/{rel}","templated":true}]}}