{"id":2391,"date":"2017-07-19T09:22:37","date_gmt":"2017-07-19T09:22:37","guid":{"rendered":"http:\/\/durmitor.info\/?page_id=2391"},"modified":"2017-07-20T13:01:10","modified_gmt":"2017-07-20T13:01:10","slug":"posebne-ponude","status":"publish","type":"page","link":"https:\/\/durmitor.info\/sr\/posebne-ponude\/","title":{"rendered":"Posebne ponude"},"content":{"rendered":"<section class=\"wpb-content-wrapper\"><p>[vc_row][vc_column][vc_custom_heading text=&#8221;Posebne ponude&#8221; font_container=&#8221;tag:h2|text_align:center&#8221; use_theme_fonts=&#8221;yes&#8221;][\/vc_column][\/vc_row][vc_row][vc_column][vc_column_text]<\/p>\n<p style=\"text-align: center;\">Lijepota Durmitorskih masiva i bogatstvo prirodnih ljepota izdvajaju \u017dabljak, kao posebnu turisti\u010dku destinaciju koja Vam, osim zdrave hrane u nacionalnom eco restoranu, mo\u017ee ponuditi posebne izlete da osjetite i do\u017eivite ljepotu koja se rijetko sre\u0107e.<\/p>\n<p style=\"text-align: center;\"><strong>Nudimo Vam posebnu ponudu Asocijacije InterSki u saradnji sa Hotelom Javor<\/strong><\/p>\n<p>[\/vc_column_text][\/vc_column][\/vc_row][vc_row][vc_column][vc_column_text]<div class=\"divider type_3\"><\/div>[\/vc_column_text][\/vc_column][\/vc_row][vc_row][vc_column width=&#8221;1\/3&#8243;]\n<div id=\"interactive-banner-1-wrap-4264\" class=\"ult-banner-block ult-adjust-bottom-margin ult-bb-box  banner-style01 \"   style=\"\">\n\t<img src=\"https:\/\/durmitor.info\/wp-content\/uploads\/2017\/07\/planinarenje_glavna.jpg\" alt=\"null\">\n\t<div class=\"mask opaque-background\" style=\"background:;\">\n\t\t<div  data-ultimate-target='#interactive-banner-1-wrap-4264 .bb-description'  data-responsive-json-new='{\"font-size\":\"\",\"line-height\":\"\"}'  class=\"bb-description ult-responsive\" style=\"font-weight:normal;color:#ffffff;\"><\/div>\n\t<\/div><a class=\"bb-link\" href=\"http:\/\/durmitor.info\/planinarenje\/\" ><\/a>\n<\/div>[vc_custom_heading text=&#8221;Planinarenje&#8221; font_container=&#8221;tag:h3|font_size:20|text_align:center|color:%23000000&#8243; use_theme_fonts=&#8221;yes&#8221; css_animation=&#8221;fadeIn&#8221; link=&#8221;url:http%3A%2F%2Fdurmitor.info%2Fplaninarenje%2F|||&#8221; css=&#8221;.vc_custom_1500472376813{margin-top: -45px !important;padding-top: 10px !important;padding-bottom: 10px !important;background-color: #31db85 !important;}&#8221;][\/vc_column][vc_column width=&#8221;1\/3&#8243;]\n<div id=\"interactive-banner-1-wrap-9011\" class=\"ult-banner-block ult-adjust-bottom-margin ult-bb-box  banner-style01 \"   style=\"\">\n\t<img src=\"https:\/\/durmitor.info\/wp-content\/uploads\/2017\/07\/ski_snowboard.jpg\" alt=\"null\">\n\t<div class=\"mask opaque-background\" style=\"background:;\">\n\t\t<div  data-ultimate-target='#interactive-banner-1-wrap-9011 .bb-description'  data-responsive-json-new='{\"font-size\":\"\",\"line-height\":\"\"}'  class=\"bb-description ult-responsive\" style=\"font-weight:normal;color:#ffffff;\"><\/div>\n\t<\/div><a class=\"bb-link\" href=\"http:\/\/durmitor.info\/ski-snowboard-skola\/\" ><\/a>\n<\/div>[vc_custom_heading text=&#8221;Ski Snowboard \u0161kola &#8221; font_container=&#8221;tag:h3|font_size:20|text_align:center|color:%23000000&#8243; use_theme_fonts=&#8221;yes&#8221; css_animation=&#8221;fadeIn&#8221; link=&#8221;url:http%3A%2F%2Fdurmitor.info%2Fski-snowboard-skola%2F|||&#8221; css=&#8221;.vc_custom_1500472370945{margin-top: -45px !important;padding-top: 10px !important;padding-bottom: 10px !important;background-color: #31db85 !important;}&#8221;][\/vc_column][vc_column width=&#8221;1\/3&#8243;]\n<div id=\"interactive-banner-1-wrap-1468\" class=\"ult-banner-block ult-adjust-bottom-margin ult-bb-box  banner-style01 \"   style=\"\">\n\t<img src=\"https:\/\/durmitor.info\/wp-content\/uploads\/2017\/07\/kombinovane_ture.jpg\" alt=\"null\">\n\t<div class=\"mask opaque-background\" style=\"background:;\">\n\t\t<div  data-ultimate-target='#interactive-banner-1-wrap-1468 .bb-description'  data-responsive-json-new='{\"font-size\":\"\",\"line-height\":\"\"}'  class=\"bb-description ult-responsive\" style=\"font-weight:normal;color:#ffffff;\"><\/div>\n\t<\/div><a class=\"bb-link\" href=\"http:\/\/durmitor.info\/kombinovane-ture-2\/\" ><\/a>\n<\/div>[vc_custom_heading text=&#8221;Kombinovane ture&#8221; font_container=&#8221;tag:h3|font_size:20|text_align:center|color:%23000000&#8243; use_theme_fonts=&#8221;yes&#8221; css_animation=&#8221;fadeIn&#8221; link=&#8221;url:http%3A%2F%2Fdurmitor.info%2Fkombinovane-ture-2%2F|||&#8221; css=&#8221;.vc_custom_1500555666853{margin-top: -45px !important;padding-top: 10px !important;padding-bottom: 10px !important;background-color: #31db85 !important;}&#8221;][\/vc_column][\/vc_row][vc_row css=&#8221;.vc_custom_1500465236326{padding-top: 8px !important;}&#8221;][vc_column][vc_column_text]<div class=\"divider type_3\"><\/div>[\/vc_column_text][\/vc_column][\/vc_row][vc_row][vc_column width=&#8221;1\/3&#8243;]\n<div id=\"interactive-banner-1-wrap-5954\" class=\"ult-banner-block ult-adjust-bottom-margin ult-bb-box  banner-style01 \"   style=\"\">\n\t<img src=\"https:\/\/durmitor.info\/wp-content\/uploads\/2017\/07\/pivske_planine.jpg\" alt=\"null\">\n\t<div class=\"mask opaque-background\" style=\"background:;\">\n\t\t<div  data-ultimate-target='#interactive-banner-1-wrap-5954 .bb-description'  data-responsive-json-new='{\"font-size\":\"\",\"line-height\":\"\"}'  class=\"bb-description ult-responsive\" style=\"font-weight:normal;color:#ffffff;\"><\/div>\n\t<\/div><a class=\"bb-link\" href=\"http:\/\/durmitor.info\/jednodnevni-aktivni-odmor\/\" ><\/a>\n<\/div>[vc_custom_heading text=&#8221;Jednodnevni aktivni odmor&#8221; font_container=&#8221;tag:h3|font_size:20|text_align:center|color:%23000000&#8243; use_theme_fonts=&#8221;yes&#8221; css_animation=&#8221;fadeIn&#8221; link=&#8221;url:http%3A%2F%2Fdurmitor.info%2Fjednodnevni-aktivni-odmor%2F|||&#8221; css=&#8221;.vc_custom_1500472300716{margin-top: -45px !important;padding-top: 10px !important;padding-bottom: 10px !important;background-color: #31db85 !important;}&#8221;][\/vc_column][vc_column width=&#8221;1\/3&#8243;]\n<div id=\"interactive-banner-1-wrap-1364\" class=\"ult-banner-block ult-adjust-bottom-margin ult-bb-box  banner-style01 \"   style=\"\">\n\t<img src=\"https:\/\/durmitor.info\/wp-content\/uploads\/2017\/07\/rafting_1.jpg\" alt=\"null\">\n\t<div class=\"mask opaque-background\" style=\"background:;\">\n\t\t<div  data-ultimate-target='#interactive-banner-1-wrap-1364 .bb-description'  data-responsive-json-new='{\"font-size\":\"\",\"line-height\":\"\"}'  class=\"bb-description ult-responsive\" style=\"font-weight:normal;color:#ffffff;\"><\/div>\n\t<\/div><a class=\"bb-link\" href=\"http:\/\/durmitor.info\/rafting\/\" ><\/a>\n<\/div>[vc_custom_heading text=&#8221;Rafting&#8221; font_container=&#8221;tag:h3|font_size:20|text_align:center|color:%23000000&#8243; use_theme_fonts=&#8221;yes&#8221; css_animation=&#8221;fadeIn&#8221; link=&#8221;url:http%3A%2F%2Fdurmitor.info%2Frafting%2F|||&#8221; css=&#8221;.vc_custom_1500472345305{margin-top: -45px !important;padding-top: 10px !important;padding-bottom: 10px !important;background-color: #31db85 !important;}&#8221;][\/vc_column][vc_column width=&#8221;1\/3&#8243;][\/vc_column][\/vc_row]<\/p>\n<\/section>","protected":false},"excerpt":{"rendered":"<p>[vc_row][vc_column][vc_custom_heading text=&#8221;Posebne ponude&#8221; font_container=&#8221;tag:h2|text_align:center&#8221; use_theme_fonts=&#8221;yes&#8221;][\/vc_column][\/vc_row][vc_row][vc_column][vc_column_text] Lijepota Durmitorskih masiva i bogatstvo prirodnih ljepota izdvajaju \u017dabljak, kao posebnu turisti\u010dku destinaciju koja Vam, osim zdrave hrane u nacionalnom eco restoranu, mo\u017ee ponuditi posebne izlete da osjetite i do\u017eivite ljepotu koja se rijetko &hellip; <\/p>\n<p><a href=\"https:\/\/durmitor.info\/sr\/posebne-ponude\/\" class=\"read_more_link\">Read more<\/a><\/p>\n","protected":false},"author":1,"featured_media":0,"parent":0,"menu_order":0,"comment_status":"open","ping_status":"open","template":"","meta":[],"aioseo_notices":[],"_links":{"self":[{"href":"https:\/\/durmitor.info\/sr\/wp-json\/wp\/v2\/pages\/2391"}],"collection":[{"href":"https:\/\/durmitor.info\/sr\/wp-json\/wp\/v2\/pages"}],"about":[{"href":"https:\/\/durmitor.info\/sr\/wp-json\/wp\/v2\/types\/page"}],"author":[{"embeddable":true,"href":"https:\/\/durmitor.info\/sr\/wp-json\/wp\/v2\/users\/1"}],"replies":[{"embeddable":true,"href":"https:\/\/durmitor.info\/sr\/wp-json\/wp\/v2\/comments?post=2391"}],"version-history":[{"count":34,"href":"https:\/\/durmitor.info\/sr\/wp-json\/wp\/v2\/pages\/2391\/revisions"}],"predecessor-version":[{"id":2584,"href":"https:\/\/durmitor.info\/sr\/wp-json\/wp\/v2\/pages\/2391\/revisions\/2584"}],"wp:attachment":[{"href":"https:\/\/durmitor.info\/sr\/wp-json\/wp\/v2\/media?parent=2391"}],"curies":[{"name":"wp","href":"https:\/\/api.w.org\/{rel}","templated":true}]}}