{"id":2278,"date":"2017-07-18T12:25:26","date_gmt":"2017-07-18T12:25:26","guid":{"rendered":"http:\/\/durmitor.info\/?page_id=2278"},"modified":"2017-07-24T06:26:26","modified_gmt":"2017-07-24T06:26:26","slug":"nacionalni-eco-restoran","status":"publish","type":"page","link":"https:\/\/durmitor.info\/sr\/nacionalni-eco-restoran\/","title":{"rendered":"Nacionalni ECO restoran"},"content":{"rendered":"<section class=\"wpb-content-wrapper\"><p>[vc_row css=&#8221;.vc_custom_1500453899677{padding-top: 20px !important;}&#8221;][vc_column width=&#8221;1\/2&#8243;][vc_single_image image=&#8221;2316&#8243; img_size=&#8221;full&#8221; onclick=&#8221;link_image&#8221; css_animation=&#8221;appear&#8221;][\/vc_column][vc_column width=&#8221;1\/2&#8243; css=&#8221;.vc_custom_1500453873969{margin-top: -20px !important;}&#8221;][vc_custom_heading text=&#8221;Nacionalni ECO restoran&#8221; use_theme_fonts=&#8221;yes&#8221;][vc_column_text]Nacionalni ECO restoran u sklopu Hotela Javor, nudi vam specijalitete na\u0161eg kraja.<\/p>\n<p><strong>Nacionalna ECO restoran i Durmitorski specialiteti:<\/strong><br \/>\n\n<ul class=\"the-icons clearfix\">\n<li><i class=\"icon-ok\"><\/i>Durmitorski kajmak; sir; ov\u010dje mlijeko; cicvara; ka\u010damak; pita od helde, sira i zeljanice; kuvana doma\u0107a suva jagnjetina; doma\u0107a kobasica; pr\u0161uta; hljeb je\u010dmeni, kukuruzni; pe\u010durke \u2013 smr\u010dak, vrganj, lisi\u010darka; doma\u0107i sokovi od maline, drenjina, kupine, borovnice; rasol&#8230;<\/li>\n<\/ul>\n[\/vc_column_text][\/vc_column][\/vc_row][vc_row][vc_column][vc_column_text]<div class=\"divider type_3\"><\/div>[\/vc_column_text][\/vc_column][\/vc_row][vc_row bg_type=&#8221;image&#8221; parallax_style=&#8221;vcpb-default&#8221; bg_image_new=&#8221;id^2282|url^http:\/\/durmitor.info\/wp-content\/uploads\/2017\/07\/restoran_pozadina.jpg|caption^null|alt^null|title^restoran_pozadina|description^null&#8221; bg_image_repeat=&#8221;no-repeat&#8221; bg_image_size=&#8221;initial&#8221; bg_img_attach=&#8221;fixed&#8221; parallax_content=&#8221;parallax_content_value&#8221; parallax_content_sense=&#8221;0,9&#8243; css=&#8221;.vc_custom_1500381380764{padding-top: 15px !important;padding-bottom: 15px !important;background-image: url(http:\/\/durmitor.info\/wp-content\/uploads\/2017\/07\/restoran_pozadina.jpg?id=2288) !important;}&#8221;][vc_column width=&#8221;1\/6&#8243;][\/vc_column][vc_column width=&#8221;2\/3&#8243;][vc_column_text css=&#8221;.vc_custom_1500381662029{padding-top: 1px !important;padding-right: 1px !important;padding-bottom: 6px !important;padding-left: 1px !important;background-color: rgba(0,0,0,0.75) !important;*background-color: rgb(0,0,0) !important;border-radius: 1px !important;}&#8221;]<\/p>\n<h4 style=\"text-align: center;\"><span style=\"color: #ffffff;\"><strong>Ne propustite priliku da borave\u0107i u na\u0161em hotelu, ne probate i na\u0161e specijalitete.<\/strong><\/span><\/h4>\n<p>[\/vc_column_text][\/vc_column][vc_column width=&#8221;1\/6&#8243;][\/vc_column][\/vc_row][vc_row][vc_column][vc_column_text]<div class=\"divider type_3\"><\/div>[\/vc_column_text][vc_media_grid element_width=&#8221;6&#8243; item=&#8221;masonryMedia_SolidBlurOut&#8221; grid_id=&#8221;vc_gid:1500877554845-e17605fa-3900-0&#8243; include=&#8221;2735,2736,2827,2828&#8243;][\/vc_column][\/vc_row][vc_row][vc_column][vc_column_text]<div class=\"divider type_3\"><\/div>[\/vc_column_text][\/vc_column][\/vc_row][vc_row css=&#8221;.vc_custom_1500645868387{padding-bottom: 8px !important;}&#8221;][vc_column][vc_custom_heading text=&#8221;PONUDA &#8211; JELOVNIKA U NACIONALNOM EKO-RESTORANU&#8221; font_container=&#8221;tag:h3|text_align:center&#8221; use_theme_fonts=&#8221;yes&#8221;][\/vc_column][\/vc_row][vc_row][vc_column width=&#8221;1\/2&#8243;]<div class=\"ult_pricing_table_wrap ult_design_6  ult-cs-custom  \">\n\t\t\t\t\t<div class=\"ult_pricing_table ult_price_table_ht\" style=\"background:#ebebeb;color:#000000; min-height:360px;\"><div id=\"price-table-wrap-9771\" class=\"ult_pricing_heading\" style=\"background:#31db85;color:#ffffff;\">\n\t\t\t\t\t\t\t<h3 class=\"ult-responsive cust-headformat\"  data-ultimate-target='#price-table-wrap-9771 .cust-headformat'  data-responsive-json-new='{\"font-size\":\"desktop:20px;\",\"line-height\":\"\"}'  style=\"font-weight:normal;\">DORU\u010cAK<\/h3><\/div><!--ult_pricing_heading--><div class=\"ult_price_body_block\" style=\"background:#31db85;color:#ffffff;\">\n\t\t\t\t\t\t\t<div class=\"ult_price_body\">\n\t\t\t\t\t\t\t\t<div id=\"price-table-wrap-8742\"  class=\"ult_price\">\n\t\t\t\t\t\t\t\t\t<span  data-ultimate-target='#price-table-wrap-8742 .ult_price_figure'  data-responsive-json-new='{\"font-size\":\"\",\"line-height\":\"\"}'  class=\"ult_price_figure ult-responsive\" style=\"font-weight:normal;\">Hotel Javor<\/span>\n\t\t\t\t\t\t\t\t\t<span  data-ultimate-target='#price-table-wrap-8742 .ult_price_term'  data-responsive-json-new='{\"font-size\":\"\",\"line-height\":\"\"}'  class=\"ult_price_term ult-responsive\" style=\"font-weight:normal;\"><\/span>\n\t\t\t\t\t\t\t\t<\/div>\n\t\t\t\t\t\t\t<\/div>\n\t\t\t\t\t\t<\/div><!--ult_price_body_block--><div id=\"price-table-features-wrap-8459\" class=\"ult_price_features ult-responsive\"  data-ultimate-target='#price-table-features-wrap-8459'  data-responsive-json-new='{\"font-size\":\"\",\"line-height\":\"\"}'  style=\"font-weight:normal;\">\n\t\t\t\t\t\t\t<p><strong>\u0160VEDSKI STO:<\/strong> HELJDOVNE PRIGANICE,<br \/>\nPALA\u010cINKE,SIR,KAJMAK,KROFNE,<br \/>\nRAZNI OMLETI,PROJA,POHOVANI SIR,<br \/>\nDOMA\u0106A KOBASICA,DOMA\u0106I DzEMOVI KAJSIJA,<br \/>\n\u0160LJIVA,DRENJINA.NAPITCI-\u010cAJ,<br \/>\nKAFA, KISELO MLIJEKO<\/p>\n\n\t\t\t\t\t\t<\/div><!--ult_price_features--><div class=\"ult_clr\"><\/div>\n\t\t\t<\/div><!--pricing_table-->\n\t\t<\/div><!--pricing_table_wrap-->[\/vc_column][vc_column width=&#8221;1\/2&#8243;]<div class=\"ult_pricing_table_wrap ult_design_6  ult-cs-custom  \">\n\t\t\t\t\t<div class=\"ult_pricing_table ult_price_table_ht\" style=\"background:#ebebeb;color:#000000; min-height:360px;\"><div id=\"price-table-wrap-2809\" class=\"ult_pricing_heading\" style=\"background:#31db85;color:#ffffff;\">\n\t\t\t\t\t\t\t<h3 class=\"ult-responsive cust-headformat\"  data-ultimate-target='#price-table-wrap-2809 .cust-headformat'  data-responsive-json-new='{\"font-size\":\"desktop:20px;\",\"line-height\":\"\"}'  style=\"font-weight:normal;\">DORU\u010cAK<\/h3><\/div><!--ult_pricing_heading--><div class=\"ult_price_body_block\" style=\"background:#31db85;color:#ffffff;\">\n\t\t\t\t\t\t\t<div class=\"ult_price_body\">\n\t\t\t\t\t\t\t\t<div id=\"price-table-wrap-5723\"  class=\"ult_price\">\n\t\t\t\t\t\t\t\t\t<span  data-ultimate-target='#price-table-wrap-5723 .ult_price_figure'  data-responsive-json-new='{\"font-size\":\"\",\"line-height\":\"\"}'  class=\"ult_price_figure ult-responsive\" style=\"font-weight:normal;\">Hotel Javor<\/span>\n\t\t\t\t\t\t\t\t\t<span  data-ultimate-target='#price-table-wrap-5723 .ult_price_term'  data-responsive-json-new='{\"font-size\":\"\",\"line-height\":\"\"}'  class=\"ult_price_term ult-responsive\" style=\"font-weight:normal;\"><\/span>\n\t\t\t\t\t\t\t\t<\/div>\n\t\t\t\t\t\t\t<\/div>\n\t\t\t\t\t\t<\/div><!--ult_price_body_block--><div id=\"price-table-features-wrap-5517\" class=\"ult_price_features ult-responsive\"  data-ultimate-target='#price-table-features-wrap-5517'  data-responsive-json-new='{\"font-size\":\"\",\"line-height\":\"\"}'  style=\"font-weight:normal;\">\n\t\t\t\t\t\t\t<p><strong>\u0160VEDSKI STO:<\/strong> PRIGANICE,<br \/>\nPITE,DOMA\u0106I KAJMAK, RAZNI OMLETI,<br \/>\nSIR,DOMA\u0106I DzEM-DRENJINE,<br \/>\n\u0160LJIVA,KAJSIJA,NAPITCI-\u010cAJ,<br \/>\nKAFA,KISELO MLIJEKO<\/p>\n\n\t\t\t\t\t\t<\/div><!--ult_price_features--><div class=\"ult_clr\"><\/div>\n\t\t\t<\/div><!--pricing_table-->\n\t\t<\/div><!--pricing_table_wrap-->[\/vc_column][\/vc_row][vc_row][vc_column width=&#8221;1\/2&#8243;]<div class=\"ult_pricing_table_wrap ult_design_6  ult-cs-custom  \">\n\t\t\t\t\t<div class=\"ult_pricing_table ult_price_table_ht\" style=\"background:#ebebeb;color:#000000; min-height:360px;\"><div id=\"price-table-wrap-2825\" class=\"ult_pricing_heading\" style=\"background:#31db85;color:#ffffff;\">\n\t\t\t\t\t\t\t<h3 class=\"ult-responsive cust-headformat\"  data-ultimate-target='#price-table-wrap-2825 .cust-headformat'  data-responsive-json-new='{\"font-size\":\"desktop:20px;\",\"line-height\":\"\"}'  style=\"font-weight:normal;\">RU\u010cAK<\/h3><\/div><!--ult_pricing_heading--><div class=\"ult_price_body_block\" style=\"background:#31db85;color:#ffffff;\">\n\t\t\t\t\t\t\t<div class=\"ult_price_body\">\n\t\t\t\t\t\t\t\t<div id=\"price-table-wrap-9385\"  class=\"ult_price\">\n\t\t\t\t\t\t\t\t\t<span  data-ultimate-target='#price-table-wrap-9385 .ult_price_figure'  data-responsive-json-new='{\"font-size\":\"\",\"line-height\":\"\"}'  class=\"ult_price_figure ult-responsive\" style=\"font-weight:normal;\">Hotel Javor<\/span>\n\t\t\t\t\t\t\t\t\t<span  data-ultimate-target='#price-table-wrap-9385 .ult_price_term'  data-responsive-json-new='{\"font-size\":\"\",\"line-height\":\"\"}'  class=\"ult_price_term ult-responsive\" style=\"font-weight:normal;\"><\/span>\n\t\t\t\t\t\t\t\t<\/div>\n\t\t\t\t\t\t\t<\/div>\n\t\t\t\t\t\t<\/div><!--ult_price_body_block--><div id=\"price-table-features-wrap-1944\" class=\"ult_price_features ult-responsive\"  data-ultimate-target='#price-table-features-wrap-1944'  data-responsive-json-new='{\"font-size\":\"\",\"line-height\":\"\"}'  style=\"font-weight:normal;\">\n\t\t\t\t\t\t\t<p>\u010cORBA-JAGNJE\u0106A<br \/>\nLE\u0160O JAGNJETINA<br \/>\nRIBA PASTRMKA<br \/>\nLE\u0160O TELETINA<br \/>\nDURMITORSKI STEK<br \/>\nSALATE MIJE\u0160ANE SEZONSKE<br \/>\nPALA\u010cINKE PO \u017dELJI<\/p>\n\n\t\t\t\t\t\t<\/div><!--ult_price_features--><div class=\"ult_clr\"><\/div>\n\t\t\t<\/div><!--pricing_table-->\n\t\t<\/div><!--pricing_table_wrap-->[\/vc_column][vc_column width=&#8221;1\/2&#8243;]<div class=\"ult_pricing_table_wrap ult_design_6  ult-cs-custom  \">\n\t\t\t\t\t<div class=\"ult_pricing_table ult_price_table_ht\" style=\"background:#ebebeb;color:#000000; min-height:360px;\"><div id=\"price-table-wrap-6174\" class=\"ult_pricing_heading\" style=\"background:#31db85;color:#ffffff;\">\n\t\t\t\t\t\t\t<h3 class=\"ult-responsive cust-headformat\"  data-ultimate-target='#price-table-wrap-6174 .cust-headformat'  data-responsive-json-new='{\"font-size\":\"desktop:20px;\",\"line-height\":\"\"}'  style=\"font-weight:normal;\"> RU\u010cAK<\/h3><\/div><!--ult_pricing_heading--><div class=\"ult_price_body_block\" style=\"background:#31db85;color:#ffffff;\">\n\t\t\t\t\t\t\t<div class=\"ult_price_body\">\n\t\t\t\t\t\t\t\t<div id=\"price-table-wrap-8801\"  class=\"ult_price\">\n\t\t\t\t\t\t\t\t\t<span  data-ultimate-target='#price-table-wrap-8801 .ult_price_figure'  data-responsive-json-new='{\"font-size\":\"\",\"line-height\":\"\"}'  class=\"ult_price_figure ult-responsive\" style=\"font-weight:normal;\">Hotel Javor<\/span>\n\t\t\t\t\t\t\t\t\t<span  data-ultimate-target='#price-table-wrap-8801 .ult_price_term'  data-responsive-json-new='{\"font-size\":\"\",\"line-height\":\"\"}'  class=\"ult_price_term ult-responsive\" style=\"font-weight:normal;\"><\/span>\n\t\t\t\t\t\t\t\t<\/div>\n\t\t\t\t\t\t\t<\/div>\n\t\t\t\t\t\t<\/div><!--ult_price_body_block--><div id=\"price-table-features-wrap-6177\" class=\"ult_price_features ult-responsive\"  data-ultimate-target='#price-table-features-wrap-6177'  data-responsive-json-new='{\"font-size\":\"\",\"line-height\":\"\"}'  style=\"font-weight:normal;\">\n\t\t\t\t\t\t\t<p>SUPE I \u010cORBE- TELE\u0106A,PE\u010cURKE<br \/>\nSA\u010c PE\u010cENJE JAGNJE\u0106E<br \/>\nSA\u010c PE\u010cENJE TELE\u0106E<br \/>\nAPO STEK<br \/>\nSALATE SEZONSKE<br \/>\nHELJDINE PALA\u010cINKE,KOLA\u010cI<\/p>\n\n\t\t\t\t\t\t<\/div><!--ult_price_features--><div class=\"ult_clr\"><\/div>\n\t\t\t<\/div><!--pricing_table-->\n\t\t<\/div><!--pricing_table_wrap-->[\/vc_column][\/vc_row][vc_row][vc_column width=&#8221;1\/2&#8243;]<div class=\"ult_pricing_table_wrap ult_design_6  ult-cs-custom  \">\n\t\t\t\t\t<div class=\"ult_pricing_table ult_price_table_ht\" style=\"background:#ebebeb;color:#000000; min-height:360px;\"><div id=\"price-table-wrap-6985\" class=\"ult_pricing_heading\" style=\"background:#31db85;color:#ffffff;\">\n\t\t\t\t\t\t\t<h3 class=\"ult-responsive cust-headformat\"  data-ultimate-target='#price-table-wrap-6985 .cust-headformat'  data-responsive-json-new='{\"font-size\":\"desktop:20px;\",\"line-height\":\"\"}'  style=\"font-weight:normal;\">VE\u010cERA<\/h3><\/div><!--ult_pricing_heading--><div class=\"ult_price_body_block\" style=\"background:#31db85;color:#ffffff;\">\n\t\t\t\t\t\t\t<div class=\"ult_price_body\">\n\t\t\t\t\t\t\t\t<div id=\"price-table-wrap-9829\"  class=\"ult_price\">\n\t\t\t\t\t\t\t\t\t<span  data-ultimate-target='#price-table-wrap-9829 .ult_price_figure'  data-responsive-json-new='{\"font-size\":\"\",\"line-height\":\"\"}'  class=\"ult_price_figure ult-responsive\" style=\"font-weight:normal;\">Hotel Javor<\/span>\n\t\t\t\t\t\t\t\t\t<span  data-ultimate-target='#price-table-wrap-9829 .ult_price_term'  data-responsive-json-new='{\"font-size\":\"\",\"line-height\":\"\"}'  class=\"ult_price_term ult-responsive\" style=\"font-weight:normal;\"><\/span>\n\t\t\t\t\t\t\t\t<\/div>\n\t\t\t\t\t\t\t<\/div>\n\t\t\t\t\t\t<\/div><!--ult_price_body_block--><div id=\"price-table-features-wrap-5484\" class=\"ult_price_features ult-responsive\"  data-ultimate-target='#price-table-features-wrap-5484'  data-responsive-json-new='{\"font-size\":\"\",\"line-height\":\"\"}'  style=\"font-weight:normal;\">\n\t\t\t\t\t\t\t<p>DOMA\u0106A PR\u0160UTA,SIR,<br \/>\nPREBRANAC<br \/>\nSVE VRSTE MESA NA RAZLI\u010cIT NA\u010cIN<br \/>\nVARIVO SVIH VRSTA<br \/>\nSALATE<br \/>\nBAKLAVA<\/p>\n\n\t\t\t\t\t\t<\/div><!--ult_price_features--><div class=\"ult_clr\"><\/div>\n\t\t\t<\/div><!--pricing_table-->\n\t\t<\/div><!--pricing_table_wrap-->[\/vc_column][vc_column width=&#8221;1\/2&#8243;]<div class=\"ult_pricing_table_wrap ult_design_6  ult-cs-custom  \">\n\t\t\t\t\t<div class=\"ult_pricing_table ult_price_table_ht\" style=\"background:#ebebeb;color:#000000; min-height:360px;\"><div id=\"price-table-wrap-2746\" class=\"ult_pricing_heading\" style=\"background:#31db85;color:#ffffff;\">\n\t\t\t\t\t\t\t<h3 class=\"ult-responsive cust-headformat\"  data-ultimate-target='#price-table-wrap-2746 .cust-headformat'  data-responsive-json-new='{\"font-size\":\"desktop:20px;\",\"line-height\":\"\"}'  style=\"font-weight:normal;\">VE\u010cERA<\/h3><\/div><!--ult_pricing_heading--><div class=\"ult_price_body_block\" style=\"background:#31db85;color:#ffffff;\">\n\t\t\t\t\t\t\t<div class=\"ult_price_body\">\n\t\t\t\t\t\t\t\t<div id=\"price-table-wrap-4167\"  class=\"ult_price\">\n\t\t\t\t\t\t\t\t\t<span  data-ultimate-target='#price-table-wrap-4167 .ult_price_figure'  data-responsive-json-new='{\"font-size\":\"\",\"line-height\":\"\"}'  class=\"ult_price_figure ult-responsive\" style=\"font-weight:normal;\">Hotel Javor<\/span>\n\t\t\t\t\t\t\t\t\t<span  data-ultimate-target='#price-table-wrap-4167 .ult_price_term'  data-responsive-json-new='{\"font-size\":\"\",\"line-height\":\"\"}'  class=\"ult_price_term ult-responsive\" style=\"font-weight:normal;\"><\/span>\n\t\t\t\t\t\t\t\t<\/div>\n\t\t\t\t\t\t\t<\/div>\n\t\t\t\t\t\t<\/div><!--ult_price_body_block--><div id=\"price-table-features-wrap-3511\" class=\"ult_price_features ult-responsive\"  data-ultimate-target='#price-table-features-wrap-3511'  data-responsive-json-new='{\"font-size\":\"\",\"line-height\":\"\"}'  style=\"font-weight:normal;\">\n\t\t\t\t\t\t\t<p>TOPLA PREDJELA<br \/>\n\u010cORBA OD PE\u010cURAKA<br \/>\nPITA HELJDINA<br \/>\nGOTOVA JELA PO \u017dELJI<br \/>\nCICVARA<br \/>\nKA\u010cAMAK SA KISLEJIM MLIJEKOM<br \/>\nORASNICE<\/p>\n\n\t\t\t\t\t\t<\/div><!--ult_price_features--><div class=\"ult_clr\"><\/div>\n\t\t\t<\/div><!--pricing_table-->\n\t\t<\/div><!--pricing_table_wrap-->[\/vc_column][\/vc_row]<\/p>\n<\/section>","protected":false},"excerpt":{"rendered":"<p>[vc_row css=&#8221;.vc_custom_1500453899677{padding-top: 20px !important;}&#8221;][vc_column width=&#8221;1\/2&#8243;][vc_single_image image=&#8221;2316&#8243; img_size=&#8221;full&#8221; onclick=&#8221;link_image&#8221; css_animation=&#8221;appear&#8221;][\/vc_column][vc_column width=&#8221;1\/2&#8243; css=&#8221;.vc_custom_1500453873969{margin-top: -20px !important;}&#8221;][vc_custom_heading text=&#8221;Nacionalni ECO restoran&#8221; use_theme_fonts=&#8221;yes&#8221;][vc_column_text]Nacionalni ECO restoran u sklopu Hotela Javor, nudi vam specijalitete na\u0161eg kraja. Nacionalna ECO restoran i Durmitorski specialiteti: [\/vc_column_text][\/vc_column][\/vc_row][vc_row][vc_column][vc_column_text][\/vc_column_text][\/vc_column][\/vc_row][vc_row bg_type=&#8221;image&#8221; parallax_style=&#8221;vcpb-default&#8221; bg_image_new=&#8221;id^2282|url^http:\/\/durmitor.info\/wp-content\/uploads\/2017\/07\/restoran_pozadina.jpg|caption^null|alt^null|title^restoran_pozadina|description^null&#8221; bg_image_repeat=&#8221;no-repeat&#8221; &hellip; <\/p>\n<p><a href=\"https:\/\/durmitor.info\/sr\/nacionalni-eco-restoran\/\" class=\"read_more_link\">Read more<\/a><\/p>\n","protected":false},"author":1,"featured_media":0,"parent":0,"menu_order":0,"comment_status":"open","ping_status":"open","template":"","meta":[],"aioseo_notices":[],"_links":{"self":[{"href":"https:\/\/durmitor.info\/sr\/wp-json\/wp\/v2\/pages\/2278"}],"collection":[{"href":"https:\/\/durmitor.info\/sr\/wp-json\/wp\/v2\/pages"}],"about":[{"href":"https:\/\/durmitor.info\/sr\/wp-json\/wp\/v2\/types\/page"}],"author":[{"embeddable":true,"href":"https:\/\/durmitor.info\/sr\/wp-json\/wp\/v2\/users\/1"}],"replies":[{"embeddable":true,"href":"https:\/\/durmitor.info\/sr\/wp-json\/wp\/v2\/comments?post=2278"}],"version-history":[{"count":27,"href":"https:\/\/durmitor.info\/sr\/wp-json\/wp\/v2\/pages\/2278\/revisions"}],"predecessor-version":[{"id":2831,"href":"https:\/\/durmitor.info\/sr\/wp-json\/wp\/v2\/pages\/2278\/revisions\/2831"}],"wp:attachment":[{"href":"https:\/\/durmitor.info\/sr\/wp-json\/wp\/v2\/media?parent=2278"}],"curies":[{"name":"wp","href":"https:\/\/api.w.org\/{rel}","templated":true}]}}