{"id":1824,"date":"2013-06-04T14:56:38","date_gmt":"2013-06-04T14:56:38","guid":{"rendered":"http:\/\/cohhe.com\/viva\/?page_id=1824"},"modified":"2021-07-09T09:54:04","modified_gmt":"2021-07-09T09:54:04","slug":"o-nama","status":"publish","type":"page","link":"https:\/\/durmitor.info\/sr\/o-nama\/","title":{"rendered":"O nama"},"content":{"rendered":"<section class=\"wpb-content-wrapper\"><p>[vc_row][vc_column width=&#8221;1\/2&#8243;][vc_single_image image=&#8221;2261&#8243; img_size=&#8221;full&#8221; onclick=&#8221;link_image&#8221; css_animation=&#8221;appear&#8221;][\/vc_column][vc_column width=&#8221;1\/2&#8243;][vc_column_text]<\/p>\n<h4>Dobrodo\u0161li!<\/h4>\n<p>Ukoliko \u017eelite da provedete odmor okru\u017eeni prirodnim ljepotama koje posjeduje jedino durmitorski masiv, u\u017eivate u specijalitetima nacionalne eco kuhinje durmotorskog kraja ili aktivnim odmorom ispunite vrijeme, o\u010dekujemo vas u GUESTHOUSE STIJEPOVI\u0106 &#8211; \u017dabljak, sa posebnim ponudama na Durmitoru.[\/vc_column_text][\/vc_column][\/vc_row][vc_row][vc_column][vc_column_text]<div class=\"divider type_3\"><\/div>[\/vc_column_text][\/vc_column][\/vc_row][vc_row][vc_column width=&#8221;1\/2&#8243;][vc_column_text]<strong>\u017dABLJAK<\/strong> je najvisociji grad u Ex Jugoslaviji, nalazi se na nadmorskoj visini od 1450 metara a zauzima prostor od 445 km2 i u njemu zivi preko 4929 stanovnika. Iznad njega se uzdize Durmitor sa Bobotovim kukom ( Cirova pecina ) visokim 2523 metra. Durmitorski masiv se prostire izmedju kanjona Tare, Pive i Komarnice i planine Sinjajevine.Velika visinska razlika izmedju kanjona i najvisih vrhova Durmitora na malom rastojanju koja iznosi 2090 metara cini posebnu specificnost Durmitorskog platoa. Ovaj kraj je inace poznat po nizu prirodnih i geografskih specificnosti. Zabljak inace ima planinsku klimu sa dosta snijega sto pored pogodnih terena predstavlja izvanredne uslove za razvoj sportsko rekreativnog turizma.[\/vc_column_text][\/vc_column][vc_column width=&#8221;1\/2&#8243; css=&#8221;.vc_custom_1500379019557{padding-top: -12px !important;}&#8221;][vc_single_image image=&#8221;2264&#8243; img_size=&#8221;full&#8221; onclick=&#8221;link_image&#8221; css_animation=&#8221;appear&#8221;][\/vc_column][\/vc_row][vc_row][vc_column][vc_column_text]<div class=\"divider type_3\"><\/div>[\/vc_column_text][\/vc_column][\/vc_row][vc_row][vc_column width=&#8221;1\/2&#8243;][vc_single_image image=&#8221;3212&#8243; img_size=&#8221;full&#8221; onclick=&#8221;link_image&#8221; css_animation=&#8221;appear&#8221;][\/vc_column][vc_column width=&#8221;1\/2&#8243;][vc_column_text]On je isto tako atraktivan i za vrijeme ljeta osobito za planinare, kao i za sve druge koji zele da uzivaju u ljepotama neizmijenjene prirode. Zbog svega toga <strong>Durmitor<\/strong> je zajedno sa kanjonima <strong>Tare i Susice<\/strong> proglasen za <strong>Nacionalni park<\/strong> i ukljucen je u Spisak svjetske bastine prirodnih kulturnih dobara. Ovo podrucje je poznato i po velikom broju jezera od kojih je najpoznatije <strong>Crno Jezero<\/strong>. Danas su <strong>Zabljak<\/strong> i <strong>Durmitor<\/strong> jedno od najatraktivnijih turistickih podrucja u <strong>Evropi<\/strong>. \u017dabljak se nalazi u Nacionalnom Parku Durmitoru pod za\u0161titom UNESCO.[\/vc_column_text][\/vc_column][\/vc_row][vc_row][vc_column][vc_column_text]<div class=\"divider type_3\"><\/div>[\/vc_column_text][\/vc_column][\/vc_row][vc_row el_id=&#8221;durmitor&#8221;][vc_column width=&#8221;1\/2&#8243;][vc_custom_heading text=&#8221;NP Durmitor O parku&#8221; use_theme_fonts=&#8221;yes&#8221;][vc_column_text]Najve\u0107i nacionalni park u Crnoj Gori, koji se od 1980.godine nalazi na UNESCO-voj Listi svjetske prirodne i kulturne ba\u0161tine. Obuhvata masiv planine Durmitor, kanjone rijeka: Tare, Drage, Su\u0161ice i najvi\u0161i dio kanjonske doline Komarnice, sa kojih se uzdi\u017eu brojni planinski vrhovi, od kojih je njih 48 sa preko 2.000 mnv. Najve\u0107i vrh je Bobotov kuk 2.525 mnv. Durmitor krase 18 ledni\u010dkih jezera nazvanih \u201egorske o\u010di\u201c. Kanjon rijeke Tare, \u010dija je visina 1.600m\u00a0 iznad nivoa rijeke, najve\u0107i je u Evropi i obuhvata 1.500 vrsta biljaka i 130 vrsta ptica. Kanjon je progla\u0161en za Svjetski ekolo\u0161ki rezervat.[\/vc_column_text][\/vc_column][vc_column width=&#8221;1\/2&#8243; css=&#8221;.vc_custom_1500975046653{padding-top: 50px !important;}&#8221;][vc_single_image image=&#8221;3060&#8243; img_size=&#8221;full&#8221; alignment=&#8221;center&#8221; onclick=&#8221;link_image&#8221; css_animation=&#8221;appear&#8221;][\/vc_column][\/vc_row][vc_row][vc_column][vc_column_text]Na Durmitoru je zastupljena raznovrsnost biljnog i \u017eivotinjskog svijeta, sa brojnim endemi\u010dnim i reliktnim vrstama. \u017divotinjski svijet je uglavnom planinskog i visoskoplaninskog tipa. Od oko 1.325 vrsta biljaka, 122 su endemi\u010dne, 150 ljekovite, dok je od gljiva njih 40 vrsta jestivih. Brojni su i lokaliteti kulturne ba\u0161tine: nekropole, gr\u010dka i rimska groblja, crkve i manastiri, ste\u0107ci, kao i tradicionalna arhitektura (katuni, savardaci, vodenice).[\/vc_column_text][\/vc_column][\/vc_row][vc_row][vc_column width=&#8221;1\/2&#8243;][vc_single_image image=&#8221;3063&#8243; img_size=&#8221;full&#8221; onclick=&#8221;link_image&#8221; css_animation=&#8221;appear&#8221;][\/vc_column][vc_column width=&#8221;1\/2&#8243;][vc_column_text]\n<strong>Sedam zona Parka spada u specijalne za\u0161ti\u0107ene zone (ICUM):<\/strong><\/p>\n<ul class=\"the-icons clearfix\">\n<li><i class=\"icon-ok\"><\/i>Rezervat \u0161ume smr\u010de i jele<\/li>\n<li><i class=\"icon-ok\"><\/i>Crna poda<\/li>\n<li><i class=\"icon-ok\"><\/i>Sliv \u0160kr\u010dkih jezera sa u\u017eom kanjonskom obalom Su\u0161ice<\/li>\n<li><i class=\"icon-ok\"><\/i>Barno jezero sa naju\u017eom okolinom<\/li>\n<li><i class=\"icon-ok\"><\/i>Zabojsko jezero sa naju\u017eom okolinom<\/li>\n<li><i class=\"icon-ok\"><\/i>Mlinski potok<\/li>\n<li><i class=\"icon-ok\"><\/i>Kanjon Tare<\/li>\n<\/ul>\n[\/vc_column_text][\/vc_column][\/vc_row][vc_row][vc_column][vc_column_text]<div class=\"divider type_3\"><\/div>[\/vc_column_text][\/vc_column][\/vc_row][vc_row][vc_column][vc_custom_heading text=&#8221;HOTEL JAVOR DURMITOR-VIDEO&#8221; font_container=&#8221;tag:h2|text_align:center&#8221; use_theme_fonts=&#8221;yes&#8221;][vc_row_inner][vc_column_inner width=&#8221;1\/12&#8243;][\/vc_column_inner][vc_column_inner width=&#8221;2\/3&#8243;][vc_column_text]<iframe loading=\"lazy\" src=\"https:\/\/www.youtube.com\/embed\/UalRklciytQ\" width=\"100%\" height=\"365\" frameborder=\"0\" allowfullscreen=\"allowfullscreen\"><\/iframe>[\/vc_column_text][\/vc_column_inner][vc_column_inner width=&#8221;1\/6&#8243;][\/vc_column_inner][\/vc_row_inner][\/vc_column][\/vc_row][vc_row][vc_column][vc_column_text]<div class=\"divider type_3\"><\/div>[\/vc_column_text][\/vc_column][\/vc_row][vc_row css=&#8221;.vc_custom_1500380155319{background-image: url(http:\/\/durmitor.info\/wp-content\/uploads\/2013\/06\/o_nama_pozadina.jpg?id=2276) !important;}&#8221;][vc_column css=&#8221;.vc_custom_1500635429020{margin-top: -15px !important;}&#8221;]<div id=\"ultimate-heading-580469def6e9e9307\" class=\"uvc-heading ult-adjust-bottom-margin ultimate-heading-580469def6e9e9307 uvc-3719 \" data-hspacer=\"line_only\"  data-halign=\"center\" style=\"text-align:center\"><div class=\"uvc-heading-spacer line_only\" style=\"topheight:1px;\"><span class=\"uvc-headings-line\" style=\"border-style:solid;border-bottom-width:1px;border-color:#3272a2;width:100px;\"><\/span><\/div><div class=\"uvc-main-heading ult-responsive\"  data-ultimate-target='.uvc-heading.ultimate-heading-580469def6e9e9307 h2'  data-responsive-json-new='{\"font-size\":\"\",\"line-height\":\"\"}' ><h2 style=\"font-weight:normal;\">HIMNA - HOTEL JAVOR<\/h2><\/div><div class=\"uvc-sub-heading ult-responsive\"  data-ultimate-target='.uvc-heading.ultimate-heading-580469def6e9e9307 .uvc-sub-heading '  data-responsive-json-new='{\"font-size\":\"\",\"line-height\":\"\"}'  style=\"font-weight:normal;\"><strong>Hotel Javor svakog dana<br \/>\nSve Vas \u010deka divna hrana<br \/>\nSve\u017ei vazduh bistra voda<br \/>\nSvud po \u0161umi da se hoda<\/strong><\/p>\n<p><strong>Cicvare i masanice<\/strong><br \/>\n<strong>Jagnjetine i gibanice<\/strong><br \/>\n<strong>Mlijeka, proje, priganice<\/strong><br \/>\n<strong>Sve od vajne kuvarice<\/strong><\/p>\n<p><strong>Do vrh vrha Durmitora<\/strong><br \/>\n<strong>Taru svako vi\u0111et mora<\/strong><br \/>\n<strong>Kad od \u0161etnje klone glava<\/strong><br \/>\n<strong>Hotel\u00a0 Javor da se spava<\/strong><\/p>\n<p><strong>Javor drvo plemenito<\/strong><br \/>\n<strong>\u017dabljak mjesto ponosito<\/strong><br \/>\n<strong>Stijepovi\u0107a djelo pravo<\/strong><br \/>\n<strong>Hotel\u00a0 Javor\u00a0 bravo bravo !!!!!<\/strong><\/p>\n<p><strong>Istok i Bojana<\/strong><\/div><\/div>[\/vc_column][\/vc_row][vc_row][vc_column][vc_media_grid gap=&#8221;2&#8243; grid_id=&#8221;vc_gid:1625824362191-6c46e22b-131b-5&#8243; include=&#8221;3320,3319,3318,3317,3316,3315&#8243;][\/vc_column][\/vc_row]<\/p>\n<\/section>","protected":false},"excerpt":{"rendered":"<p>[vc_row][vc_column width=&#8221;1\/2&#8243;][vc_single_image image=&#8221;2261&#8243; img_size=&#8221;full&#8221; onclick=&#8221;link_image&#8221; css_animation=&#8221;appear&#8221;][\/vc_column][vc_column width=&#8221;1\/2&#8243;][vc_column_text] Dobrodo\u0161li! Ukoliko \u017eelite da provedete odmor okru\u017eeni prirodnim ljepotama koje posjeduje jedino durmitorski masiv, u\u017eivate u specijalitetima nacionalne eco kuhinje durmotorskog kraja ili aktivnim odmorom ispunite vrijeme, o\u010dekujemo vas u GUESTHOUSE STIJEPOVI\u0106 &hellip; <\/p>\n<p><a href=\"https:\/\/durmitor.info\/sr\/o-nama\/\" class=\"read_more_link\">Read more<\/a><\/p>\n","protected":false},"author":1,"featured_media":0,"parent":0,"menu_order":0,"comment_status":"open","ping_status":"open","template":"","meta":[],"aioseo_notices":[],"_links":{"self":[{"href":"https:\/\/durmitor.info\/sr\/wp-json\/wp\/v2\/pages\/1824"}],"collection":[{"href":"https:\/\/durmitor.info\/sr\/wp-json\/wp\/v2\/pages"}],"about":[{"href":"https:\/\/durmitor.info\/sr\/wp-json\/wp\/v2\/types\/page"}],"author":[{"embeddable":true,"href":"https:\/\/durmitor.info\/sr\/wp-json\/wp\/v2\/users\/1"}],"replies":[{"embeddable":true,"href":"https:\/\/durmitor.info\/sr\/wp-json\/wp\/v2\/comments?post=1824"}],"version-history":[{"count":34,"href":"https:\/\/durmitor.info\/sr\/wp-json\/wp\/v2\/pages\/1824\/revisions"}],"predecessor-version":[{"id":3533,"href":"https:\/\/durmitor.info\/sr\/wp-json\/wp\/v2\/pages\/1824\/revisions\/3533"}],"wp:attachment":[{"href":"https:\/\/durmitor.info\/sr\/wp-json\/wp\/v2\/media?parent=1824"}],"curies":[{"name":"wp","href":"https:\/\/api.w.org\/{rel}","templated":true}]}}